{"id":1506,"date":"2020-02-25T10:25:47","date_gmt":"2020-02-25T10:25:47","guid":{"rendered":"https:\/\/www.viverssalicru.cat\/aviso-legal\/"},"modified":"2020-02-25T10:25:47","modified_gmt":"2020-02-25T10:25:47","slug":"aviso-legal","status":"publish","type":"page","link":"https:\/\/www.viverssalicru.cat\/es\/aviso-legal\/","title":{"rendered":"Aviso legal"},"content":{"rendered":"<p><strong>AVISO LEGAL<\/strong><br \/>\nEn cumplimiento de la Ley Org\u00e1nica 15\/1999 de 13 de diciembre de Protecci\u00f3n de Datos de Car\u00e1cter Personal y de la Ley 34\/2002 de servicios de la sociedad de la informaci\u00f3n y comercio electr\u00f3nico, le informamos que sus datos personales de contacto han sido incorporados a ficheros informatizados titularidad de <strong>Joan Salicr\u00fa Gairalt<\/strong>, (viverssalicru.cat) con <strong>NIF 40311215N<\/strong> que ser\u00e1 el \u00fanico destinatario de los datos, cuya finalidad es la gesti\u00f3n de clientes y acciones de comunicaci\u00f3n comercial. As\u00ed mismo le informamos que tiene la posibilidad de ejercer los derechos de acceso, rectificaci\u00f3n, cancelaci\u00f3n y oposici\u00f3n previstos en la Ley mediante carta dirigida (con acuse de recibo) a Joan Salicr\u00fa Gairalt \u2013 Mas Rectoria Vella s\/n en Vallgorguina 08471, Barcelona o ponerse en contacto a trav\u00e9s del tel\u00e9fono (34) 671 03 32 13.<\/p>\n<p><strong>Condiciones de uso de esta web:<\/strong><\/p>\n<p><strong>1. General.<\/strong><br \/>\nUtilizar esta p\u00e1gina web y\/o registrarse como usuario presupone la aceptaci\u00f3n de estas condiciones.<\/p>\n<p><strong>2. Propiedad de esta p\u00e1gina web.<\/strong><br \/>\nEsta p\u00e1gina web es propiedad de Joan Salicr\u00fa Gairalt (viverssalicru.cat)<br \/>\nTodos los derechos de su contenido, de las im\u00e1genes, textos, dise\u00f1o y software son propiedad de Joan Salicr\u00fa Gairalt (viverssalicru.cat)<br \/>\nTodos los elementos de esta p\u00e1gina, incluyendo sin limitaciones, su dise\u00f1o y su contenido est\u00e1n protegidos por las leyes de la Propiedad Intelectual, Propiedad Industrial y tratados internacionales referidos a los Derecho de Autor.<\/p>\n<p><strong>3. Uso de su Contenido.<\/strong><br \/>\nA menos que sea expl\u00edcitamente autorizado por Joan Salicr\u00fa Gairalt (viverssalicru.cat) usted no puede reproducir, transmitir o explotar el contenido de esta web de ning\u00fan modo.<\/p>\n<p><strong>4. Responsabilidades<\/strong><br \/>\n4.1.A pesar de que Joan Salicr\u00fa Gairalt (viverssalicru.cat) pone el m\u00e1ximo esfuerzo en garantizar la precisi\u00f3n y exactitud en el contenido de esta p\u00e1gina web, \u00e9sta puede contener errores o inexactitudes. Consecuentemente no garantizamos la veracidad, la fiabilidad o la exactitud de su contenido.<br \/>\n4.2. Joan Salicr\u00fa Gairalt (viverssalicru.cat) rechaza la responsabilidad sobre la informaci\u00f3n contenida en p\u00e1ginas web de terceras partes conectadas por enlaces (links), con las p\u00e1ginas web de Joan Salicr\u00fa Gairalt.<br \/>\n4.3. Bajo ninguna circunstancia, Joan Salicr\u00fa Gairalt ser\u00e1 tenido como responsable de ning\u00fan da\u00f1o o perjuicio de ning\u00fan tipo surgido de, o en relaci\u00f3n al uso de esta p\u00e1gina web.<br \/>\n4.4. Obligaci\u00f3n de indemnizar a Joan Salicr\u00fa Gairalt (viverssalicru.cat) contra cualquier da\u00f1o o perjuicio que resulte del incumplimiento por su parte de las presentes condiciones o del uso del contenido de esta web sin previa autorizaci\u00f3n.<\/p>\n<p><strong>5. Divisibilidad<\/strong><br \/>\nSi alguna estipulaci\u00f3n de las presentes condiciones carece o pasase a carecer de validez o resultar\u00e1 no ejecutable seg\u00fan el derecho aplicable, dicha estipulaci\u00f3n no tendr\u00eda efecto, pero solamente en la medida de esa precisa falta de validez, y no afectar\u00e1 a ninguna otra estipulaci\u00f3n de las presentes condiciones.<\/p>\n<p><strong>6. Legislaci\u00f3n y jurisdicci\u00f3n aplicable.<\/strong><br \/>\nEstas condiciones de uso deben ser interpretadas y est\u00e1n regidas por la legislaci\u00f3n espa\u00f1ola vigente. Cualquier disputa derivada de estas condiciones deber\u00e1 dirimirse ante los tribunales de Arenys de Mar, Barcelona, Espa\u00f1a. No obstante, esto no impedir\u00e1 a Joan Salicr\u00fa Gairalt ejercer el derecho a resolver cualquier litigio en otra jurisdicci\u00f3n competente.<\/p>\n<p><strong>7. Modificaciones.<\/strong><br \/>\nJoan Salicr\u00fa Gairalt (viverssalicru.cat) se reserva el derecho a cambiar el contenido de esta p\u00e1gina web, en cualquier momento y sin aviso previo.<\/p>\n","protected":false},"excerpt":{"rendered":"<p>  [&#8230;]<\/p>\n","protected":false},"author":1,"featured_media":0,"parent":0,"menu_order":0,"comment_status":"closed","ping_status":"closed","template":"","meta":{"footnotes":""},"class_list":["post-1506","page","type-page","status-publish","hentry"],"yoast_head":"<!-- This site is optimized with the Yoast SEO plugin v27.1.1 - https:\/\/yoast.com\/product\/yoast-seo-wordpress\/ -->\n<title>Aviso legal - Vivers Salicr\u00fa<\/title>\n<meta name=\"robots\" content=\"index, follow, max-snippet:-1, max-image-preview:large, max-video-preview:-1\" \/>\n<link rel=\"canonical\" href=\"https:\/\/www.viverssalicru.cat\/es\/aviso-legal\/\" \/>\n<meta property=\"og:locale\" content=\"es_ES\" \/>\n<meta property=\"og:type\" content=\"article\" \/>\n<meta property=\"og:title\" content=\"Aviso legal - Vivers Salicr\u00fa\" \/>\n<meta property=\"og:description\" content=\"[...]\" \/>\n<meta property=\"og:url\" content=\"https:\/\/www.viverssalicru.cat\/es\/aviso-legal\/\" \/>\n<meta property=\"og:site_name\" content=\"Vivers Salicr\u00fa\" \/>\n<meta name=\"twitter:card\" content=\"summary_large_image\" \/>\n<meta name=\"twitter:label1\" content=\"Tiempo de lectura\" \/>\n\t<meta name=\"twitter:data1\" content=\"3 minutos\" \/>\n<script type=\"application\/ld+json\" class=\"yoast-schema-graph\">{\"@context\":\"https:\/\/schema.org\",\"@graph\":[{\"@type\":\"WebPage\",\"@id\":\"https:\/\/www.viverssalicru.cat\/es\/aviso-legal\/\",\"url\":\"https:\/\/www.viverssalicru.cat\/es\/aviso-legal\/\",\"name\":\"Aviso legal - Vivers Salicr\u00fa\",\"isPartOf\":{\"@id\":\"https:\/\/www.viverssalicru.cat\/es\/#website\"},\"datePublished\":\"2020-02-25T10:25:47+00:00\",\"breadcrumb\":{\"@id\":\"https:\/\/www.viverssalicru.cat\/es\/aviso-legal\/#breadcrumb\"},\"inLanguage\":\"es\",\"potentialAction\":[{\"@type\":\"ReadAction\",\"target\":[\"https:\/\/www.viverssalicru.cat\/es\/aviso-legal\/\"]}]},{\"@type\":\"BreadcrumbList\",\"@id\":\"https:\/\/www.viverssalicru.cat\/es\/aviso-legal\/#breadcrumb\",\"itemListElement\":[{\"@type\":\"ListItem\",\"position\":1,\"name\":\"Portada\",\"item\":\"https:\/\/www.viverssalicru.cat\/es\/landscaper-home\/\"},{\"@type\":\"ListItem\",\"position\":2,\"name\":\"Aviso legal\"}]},{\"@type\":\"WebSite\",\"@id\":\"https:\/\/www.viverssalicru.cat\/es\/#website\",\"url\":\"https:\/\/www.viverssalicru.cat\/es\/\",\"name\":\"Vivers Salicr\u00fa\",\"description\":\"Hort ecol\u00f2gic i biodin\u00e0mic\",\"publisher\":{\"@id\":\"https:\/\/www.viverssalicru.cat\/es\/#organization\"},\"potentialAction\":[{\"@type\":\"SearchAction\",\"target\":{\"@type\":\"EntryPoint\",\"urlTemplate\":\"https:\/\/www.viverssalicru.cat\/es\/?s={search_term_string}\"},\"query-input\":{\"@type\":\"PropertyValueSpecification\",\"valueRequired\":true,\"valueName\":\"search_term_string\"}}],\"inLanguage\":\"es\"},{\"@type\":\"Organization\",\"@id\":\"https:\/\/www.viverssalicru.cat\/es\/#organization\",\"name\":\"Vivers Salicr\u00fa\",\"url\":\"https:\/\/www.viverssalicru.cat\/es\/\",\"logo\":{\"@type\":\"ImageObject\",\"inLanguage\":\"es\",\"@id\":\"https:\/\/www.viverssalicru.cat\/es\/#\/schema\/logo\/image\/\",\"url\":\"https:\/\/www.viverssalicru.cat\/wp-content\/uploads\/2020\/02\/viverssalicru-logo-400x141-1.png\",\"contentUrl\":\"https:\/\/www.viverssalicru.cat\/wp-content\/uploads\/2020\/02\/viverssalicru-logo-400x141-1.png\",\"width\":400,\"height\":141,\"caption\":\"Vivers Salicr\u00fa\"},\"image\":{\"@id\":\"https:\/\/www.viverssalicru.cat\/es\/#\/schema\/logo\/image\/\"}}]}<\/script>\n<!-- \/ Yoast SEO plugin. -->","yoast_head_json":{"title":"Aviso legal - Vivers Salicr\u00fa","robots":{"index":"index","follow":"follow","max-snippet":"max-snippet:-1","max-image-preview":"max-image-preview:large","max-video-preview":"max-video-preview:-1"},"canonical":"https:\/\/www.viverssalicru.cat\/es\/aviso-legal\/","og_locale":"es_ES","og_type":"article","og_title":"Aviso legal - Vivers Salicr\u00fa","og_description":"[...]","og_url":"https:\/\/www.viverssalicru.cat\/es\/aviso-legal\/","og_site_name":"Vivers Salicr\u00fa","twitter_card":"summary_large_image","twitter_misc":{"Tiempo de lectura":"3 minutos"},"schema":{"@context":"https:\/\/schema.org","@graph":[{"@type":"WebPage","@id":"https:\/\/www.viverssalicru.cat\/es\/aviso-legal\/","url":"https:\/\/www.viverssalicru.cat\/es\/aviso-legal\/","name":"Aviso legal - Vivers Salicr\u00fa","isPartOf":{"@id":"https:\/\/www.viverssalicru.cat\/es\/#website"},"datePublished":"2020-02-25T10:25:47+00:00","breadcrumb":{"@id":"https:\/\/www.viverssalicru.cat\/es\/aviso-legal\/#breadcrumb"},"inLanguage":"es","potentialAction":[{"@type":"ReadAction","target":["https:\/\/www.viverssalicru.cat\/es\/aviso-legal\/"]}]},{"@type":"BreadcrumbList","@id":"https:\/\/www.viverssalicru.cat\/es\/aviso-legal\/#breadcrumb","itemListElement":[{"@type":"ListItem","position":1,"name":"Portada","item":"https:\/\/www.viverssalicru.cat\/es\/landscaper-home\/"},{"@type":"ListItem","position":2,"name":"Aviso legal"}]},{"@type":"WebSite","@id":"https:\/\/www.viverssalicru.cat\/es\/#website","url":"https:\/\/www.viverssalicru.cat\/es\/","name":"Vivers Salicr\u00fa","description":"Hort ecol\u00f2gic i biodin\u00e0mic","publisher":{"@id":"https:\/\/www.viverssalicru.cat\/es\/#organization"},"potentialAction":[{"@type":"SearchAction","target":{"@type":"EntryPoint","urlTemplate":"https:\/\/www.viverssalicru.cat\/es\/?s={search_term_string}"},"query-input":{"@type":"PropertyValueSpecification","valueRequired":true,"valueName":"search_term_string"}}],"inLanguage":"es"},{"@type":"Organization","@id":"https:\/\/www.viverssalicru.cat\/es\/#organization","name":"Vivers Salicr\u00fa","url":"https:\/\/www.viverssalicru.cat\/es\/","logo":{"@type":"ImageObject","inLanguage":"es","@id":"https:\/\/www.viverssalicru.cat\/es\/#\/schema\/logo\/image\/","url":"https:\/\/www.viverssalicru.cat\/wp-content\/uploads\/2020\/02\/viverssalicru-logo-400x141-1.png","contentUrl":"https:\/\/www.viverssalicru.cat\/wp-content\/uploads\/2020\/02\/viverssalicru-logo-400x141-1.png","width":400,"height":141,"caption":"Vivers Salicr\u00fa"},"image":{"@id":"https:\/\/www.viverssalicru.cat\/es\/#\/schema\/logo\/image\/"}}]}},"_links":{"self":[{"href":"https:\/\/www.viverssalicru.cat\/es\/wp-json\/wp\/v2\/pages\/1506","targetHints":{"allow":["GET"]}}],"collection":[{"href":"https:\/\/www.viverssalicru.cat\/es\/wp-json\/wp\/v2\/pages"}],"about":[{"href":"https:\/\/www.viverssalicru.cat\/es\/wp-json\/wp\/v2\/types\/page"}],"author":[{"embeddable":true,"href":"https:\/\/www.viverssalicru.cat\/es\/wp-json\/wp\/v2\/users\/1"}],"replies":[{"embeddable":true,"href":"https:\/\/www.viverssalicru.cat\/es\/wp-json\/wp\/v2\/comments?post=1506"}],"version-history":[{"count":0,"href":"https:\/\/www.viverssalicru.cat\/es\/wp-json\/wp\/v2\/pages\/1506\/revisions"}],"wp:attachment":[{"href":"https:\/\/www.viverssalicru.cat\/es\/wp-json\/wp\/v2\/media?parent=1506"}],"curies":[{"name":"wp","href":"https:\/\/api.w.org\/{rel}","templated":true}]}}