{"id":1509,"date":"2020-02-25T10:34:28","date_gmt":"2020-02-25T10:34:28","guid":{"rendered":"https:\/\/www.viverssalicru.cat\/politica-de-privacidad\/"},"modified":"2020-02-25T10:34:28","modified_gmt":"2020-02-25T10:34:28","slug":"politica-de-privacidad","status":"publish","type":"page","link":"https:\/\/www.viverssalicru.cat\/es\/politica-de-privacidad\/","title":{"rendered":"Pol\u00edtica de privacidad"},"content":{"rendered":"<p>En cumplimiento de lo establecido en la Ley Org\u00e1nica 15\/1999, de Protecci\u00f3n de Datos de Car\u00e1cter Personal, os informamos de que la cumplimentaci\u00f3n de cualquier formulario existente en la web www.viverssalicru.cat o el env\u00edo de un correo electr\u00f3nico a cualquiera de sus buzones implica:<\/p>\n<p><strong>1) Que tus datos de car\u00e1cter personal ser\u00e1n tratados con la m\u00e1xima confidencialidad<\/strong> y formar\u00e1n parte de los ficheros de la titularidad de <strong>Joan Salicr\u00fa Gairalt<\/strong> (en adelante referido como viverssalicru.cat) con NIF <strong>40311215N<\/strong>\u00a0y con domicilio en el\u00a0<strong>Mas Rectoria Vella s\/n<\/strong>\u00a0de\u00a0<strong>Vallgorguina 08471, Barcelona<\/strong>, para su gesti\u00f3n y dar respuesta a los mismos, as\u00ed como para la gesti\u00f3n comercial que nos vincule, y el env\u00edo de e-mails referentes a las ventas que realice viverssalicru.cat para la entrega de las compras, y para el env\u00edo sobre novedades y ofertas que creamos de tu inter\u00e9s.<\/p>\n<p><strong>2) La aceptaci\u00f3n de esta pol\u00edtica de privacidad<\/strong>, as\u00ed como la autorizaci\u00f3n a regalospersonalizados.com para que trate los datos personales que nos facilites de acuerdo a los fines indicados.<\/p>\n<p><strong>3) El consentimiento para la recepci\u00f3n de nuestras ofertas y promociones<\/strong>\u00a0en caso de que el Cliente as\u00ed lo exprese de forma voluntaria mediante la marcaci\u00f3n de la correspondiente casilla que lo pregunta.<br \/>\nCorresponde a los clientes la actualizaci\u00f3n de sus propios datos. El cliente tendr\u00e1 el derecho en cualquier momento de acceder, rectificar, cancelar y oponerse a sus datos personales incluidos en el formulario de alta. Para ejercitar esta facultad, el cliente deber\u00e1 enviar un correo electr\u00f3nico a: info@viverssalicru.cat indicando en el asunto BAJA.<br \/>\nEl cliente es responsable de la veracidad de los datos y viverssalicru.cat no ser\u00e1 responsable de la inexactitud de los datos personales de los clientes.<br \/>\nEn cumplimiento a la legislaci\u00f3n vigente en materia de protecci\u00f3n de datos, viverssalicru.cat ha adoptado niveles de seguridad adecuados a los datos facilitados por los clientes y adem\u00e1s ha instalado todos los medios y medidas a su alcance para evitar la perdida, el mal uso, la alteraci\u00f3n, el acceso no autorizado y la extracci\u00f3n de los mismos. La cancelaci\u00f3n de los datos implica el bloqueo de los mismos y que estos no puedan ser visualizados por viverssalicru.cat ni por ning\u00fan tercero. Sin omitir nada de lo aqu\u00ed expuesto informamos que alguna informaci\u00f3n podr\u00e1 ser conservada con acceso bloqueado por parte de viverssalicru.cat para el cumplimiento de las obligaciones legales, contractuales, fiscales, tributarias pertinentes.<br \/>\nAtenci\u00f3n al cliente: Puedes ponerte en contacto con nosotros en info@viverssalicru.cat<br \/>\nEl tratamiento y gesti\u00f3n de los mismos cumple lo estipulado en el Real Decreto 994\/1999, de 11 de junio, por el que se aprueba el reglamento de medidas de seguridad de los ficheros automatizados que contengan datos de car\u00e1cter personal.<br \/>\nJoan Salicr\u00fa Gairalt (viverssalicru.cat) bajo ning\u00fan concepto, vende informaci\u00f3n sobre sus clientes a terceros ni cede informaci\u00f3n alguna de sus datos.<\/p>\n<p><strong>\u2013 Datos de tarjetas de cr\u00e9dito.<\/strong><br \/>\nJoan Salicr\u00fa Gairalt (viverssalicru.cat) nunca recibe los datos de su tarjeta de cr\u00e9dito, \u00e9stos son enviados directamente al Banco, quien procesa el pago y nos notifica la realizaci\u00f3n de la operaci\u00f3n.<\/p>\n<p><strong>\u2013 Seguridad<\/strong><br \/>\nJoan Salicr\u00fa Gairalt (viverssalicru.cat) toma todas las medidas necesarias para proteger la confidencialidad de su informaci\u00f3n personal.<br \/>\n\u00danicamente empleados autorizados tienen acceso a las bases de datos que almacenan informaci\u00f3n del usuario o a los servidores que hospedan nuestro servicio.<\/p>\n<p><strong>\u2013 Modificaciones<\/strong><br \/>\nJoan Salicr\u00fa Gairalt (viverssalicru.cat) se reserva el derecho de modificar su pol\u00edtica de confidencialidad a causa de un cambio legislativo, jurisprudencial o de acuerdo con su criterio o pr\u00e1ctica empresarial.<br \/>\nPara cualquier duda o aclaraci\u00f3n referente a nuestra pol\u00edtica de confidencialidad, por favor p\u00f3ngase en contacto con nosotros en: info@viverssalicru.cat. Toda la compra de productos implica la aceptaci\u00f3n de las Condiciones de compra de Joan Salicr\u00fa Gairalt (viverssalicru.cat) reflejadas en la factura correspondiente.<\/p>\n","protected":false},"excerpt":{"rendered":"<p>  [&#8230;]<\/p>\n","protected":false},"author":1,"featured_media":0,"parent":0,"menu_order":0,"comment_status":"closed","ping_status":"closed","template":"","meta":{"footnotes":""},"class_list":["post-1509","page","type-page","status-publish","hentry"],"yoast_head":"<!-- This site is optimized with the Yoast SEO plugin v27.1.1 - https:\/\/yoast.com\/product\/yoast-seo-wordpress\/ -->\n<title>Pol\u00edtica de privacidad - Vivers Salicr\u00fa<\/title>\n<meta name=\"robots\" content=\"index, follow, max-snippet:-1, max-image-preview:large, max-video-preview:-1\" \/>\n<link rel=\"canonical\" href=\"https:\/\/www.viverssalicru.cat\/es\/politica-de-privacidad\/\" \/>\n<meta property=\"og:locale\" content=\"es_ES\" \/>\n<meta property=\"og:type\" content=\"article\" \/>\n<meta property=\"og:title\" content=\"Pol\u00edtica de privacidad - Vivers Salicr\u00fa\" \/>\n<meta property=\"og:description\" content=\"[...]\" \/>\n<meta property=\"og:url\" content=\"https:\/\/www.viverssalicru.cat\/es\/politica-de-privacidad\/\" \/>\n<meta property=\"og:site_name\" content=\"Vivers Salicr\u00fa\" \/>\n<meta name=\"twitter:card\" content=\"summary_large_image\" \/>\n<meta name=\"twitter:label1\" content=\"Tiempo de lectura\" \/>\n\t<meta name=\"twitter:data1\" content=\"3 minutos\" \/>\n<script type=\"application\/ld+json\" class=\"yoast-schema-graph\">{\"@context\":\"https:\/\/schema.org\",\"@graph\":[{\"@type\":\"WebPage\",\"@id\":\"https:\/\/www.viverssalicru.cat\/es\/politica-de-privacidad\/\",\"url\":\"https:\/\/www.viverssalicru.cat\/es\/politica-de-privacidad\/\",\"name\":\"Pol\u00edtica de privacidad - Vivers Salicr\u00fa\",\"isPartOf\":{\"@id\":\"https:\/\/www.viverssalicru.cat\/es\/#website\"},\"datePublished\":\"2020-02-25T10:34:28+00:00\",\"breadcrumb\":{\"@id\":\"https:\/\/www.viverssalicru.cat\/es\/politica-de-privacidad\/#breadcrumb\"},\"inLanguage\":\"es\",\"potentialAction\":[{\"@type\":\"ReadAction\",\"target\":[\"https:\/\/www.viverssalicru.cat\/es\/politica-de-privacidad\/\"]}]},{\"@type\":\"BreadcrumbList\",\"@id\":\"https:\/\/www.viverssalicru.cat\/es\/politica-de-privacidad\/#breadcrumb\",\"itemListElement\":[{\"@type\":\"ListItem\",\"position\":1,\"name\":\"Portada\",\"item\":\"https:\/\/www.viverssalicru.cat\/es\/landscaper-home\/\"},{\"@type\":\"ListItem\",\"position\":2,\"name\":\"Pol\u00edtica de privacidad\"}]},{\"@type\":\"WebSite\",\"@id\":\"https:\/\/www.viverssalicru.cat\/es\/#website\",\"url\":\"https:\/\/www.viverssalicru.cat\/es\/\",\"name\":\"Vivers Salicr\u00fa\",\"description\":\"Hort ecol\u00f2gic i biodin\u00e0mic\",\"publisher\":{\"@id\":\"https:\/\/www.viverssalicru.cat\/es\/#organization\"},\"potentialAction\":[{\"@type\":\"SearchAction\",\"target\":{\"@type\":\"EntryPoint\",\"urlTemplate\":\"https:\/\/www.viverssalicru.cat\/es\/?s={search_term_string}\"},\"query-input\":{\"@type\":\"PropertyValueSpecification\",\"valueRequired\":true,\"valueName\":\"search_term_string\"}}],\"inLanguage\":\"es\"},{\"@type\":\"Organization\",\"@id\":\"https:\/\/www.viverssalicru.cat\/es\/#organization\",\"name\":\"Vivers Salicr\u00fa\",\"url\":\"https:\/\/www.viverssalicru.cat\/es\/\",\"logo\":{\"@type\":\"ImageObject\",\"inLanguage\":\"es\",\"@id\":\"https:\/\/www.viverssalicru.cat\/es\/#\/schema\/logo\/image\/\",\"url\":\"https:\/\/www.viverssalicru.cat\/wp-content\/uploads\/2020\/02\/viverssalicru-logo-400x141-1.png\",\"contentUrl\":\"https:\/\/www.viverssalicru.cat\/wp-content\/uploads\/2020\/02\/viverssalicru-logo-400x141-1.png\",\"width\":400,\"height\":141,\"caption\":\"Vivers Salicr\u00fa\"},\"image\":{\"@id\":\"https:\/\/www.viverssalicru.cat\/es\/#\/schema\/logo\/image\/\"}}]}<\/script>\n<!-- \/ Yoast SEO plugin. -->","yoast_head_json":{"title":"Pol\u00edtica de privacidad - Vivers Salicr\u00fa","robots":{"index":"index","follow":"follow","max-snippet":"max-snippet:-1","max-image-preview":"max-image-preview:large","max-video-preview":"max-video-preview:-1"},"canonical":"https:\/\/www.viverssalicru.cat\/es\/politica-de-privacidad\/","og_locale":"es_ES","og_type":"article","og_title":"Pol\u00edtica de privacidad - Vivers Salicr\u00fa","og_description":"[...]","og_url":"https:\/\/www.viverssalicru.cat\/es\/politica-de-privacidad\/","og_site_name":"Vivers Salicr\u00fa","twitter_card":"summary_large_image","twitter_misc":{"Tiempo de lectura":"3 minutos"},"schema":{"@context":"https:\/\/schema.org","@graph":[{"@type":"WebPage","@id":"https:\/\/www.viverssalicru.cat\/es\/politica-de-privacidad\/","url":"https:\/\/www.viverssalicru.cat\/es\/politica-de-privacidad\/","name":"Pol\u00edtica de privacidad - Vivers Salicr\u00fa","isPartOf":{"@id":"https:\/\/www.viverssalicru.cat\/es\/#website"},"datePublished":"2020-02-25T10:34:28+00:00","breadcrumb":{"@id":"https:\/\/www.viverssalicru.cat\/es\/politica-de-privacidad\/#breadcrumb"},"inLanguage":"es","potentialAction":[{"@type":"ReadAction","target":["https:\/\/www.viverssalicru.cat\/es\/politica-de-privacidad\/"]}]},{"@type":"BreadcrumbList","@id":"https:\/\/www.viverssalicru.cat\/es\/politica-de-privacidad\/#breadcrumb","itemListElement":[{"@type":"ListItem","position":1,"name":"Portada","item":"https:\/\/www.viverssalicru.cat\/es\/landscaper-home\/"},{"@type":"ListItem","position":2,"name":"Pol\u00edtica de privacidad"}]},{"@type":"WebSite","@id":"https:\/\/www.viverssalicru.cat\/es\/#website","url":"https:\/\/www.viverssalicru.cat\/es\/","name":"Vivers Salicr\u00fa","description":"Hort ecol\u00f2gic i biodin\u00e0mic","publisher":{"@id":"https:\/\/www.viverssalicru.cat\/es\/#organization"},"potentialAction":[{"@type":"SearchAction","target":{"@type":"EntryPoint","urlTemplate":"https:\/\/www.viverssalicru.cat\/es\/?s={search_term_string}"},"query-input":{"@type":"PropertyValueSpecification","valueRequired":true,"valueName":"search_term_string"}}],"inLanguage":"es"},{"@type":"Organization","@id":"https:\/\/www.viverssalicru.cat\/es\/#organization","name":"Vivers Salicr\u00fa","url":"https:\/\/www.viverssalicru.cat\/es\/","logo":{"@type":"ImageObject","inLanguage":"es","@id":"https:\/\/www.viverssalicru.cat\/es\/#\/schema\/logo\/image\/","url":"https:\/\/www.viverssalicru.cat\/wp-content\/uploads\/2020\/02\/viverssalicru-logo-400x141-1.png","contentUrl":"https:\/\/www.viverssalicru.cat\/wp-content\/uploads\/2020\/02\/viverssalicru-logo-400x141-1.png","width":400,"height":141,"caption":"Vivers Salicr\u00fa"},"image":{"@id":"https:\/\/www.viverssalicru.cat\/es\/#\/schema\/logo\/image\/"}}]}},"_links":{"self":[{"href":"https:\/\/www.viverssalicru.cat\/es\/wp-json\/wp\/v2\/pages\/1509","targetHints":{"allow":["GET"]}}],"collection":[{"href":"https:\/\/www.viverssalicru.cat\/es\/wp-json\/wp\/v2\/pages"}],"about":[{"href":"https:\/\/www.viverssalicru.cat\/es\/wp-json\/wp\/v2\/types\/page"}],"author":[{"embeddable":true,"href":"https:\/\/www.viverssalicru.cat\/es\/wp-json\/wp\/v2\/users\/1"}],"replies":[{"embeddable":true,"href":"https:\/\/www.viverssalicru.cat\/es\/wp-json\/wp\/v2\/comments?post=1509"}],"version-history":[{"count":0,"href":"https:\/\/www.viverssalicru.cat\/es\/wp-json\/wp\/v2\/pages\/1509\/revisions"}],"wp:attachment":[{"href":"https:\/\/www.viverssalicru.cat\/es\/wp-json\/wp\/v2\/media?parent=1509"}],"curies":[{"name":"wp","href":"https:\/\/api.w.org\/{rel}","templated":true}]}}