{"id":1485,"date":"2020-03-02T16:23:41","date_gmt":"2020-03-02T15:23:41","guid":{"rendered":"https:\/\/www.viverssalicru.cat\/producte\/iniciacion-a-la-agricultura-biodinamica\/"},"modified":"2023-03-02T16:19:23","modified_gmt":"2023-03-02T15:19:23","slug":"iniciacion-agricultura-biodinamica","status":"publish","type":"product","link":"https:\/\/www.viverssalicru.cat\/es\/producto\/iniciacion-agricultura-biodinamica\/","title":{"rendered":"Iniciaci\u00f3n a la Agricultura Biodin\u00e1mica"},"content":{"rendered":"","protected":false},"excerpt":{"rendered":"<p><strong>EXCLUSIVO &#8211; 3 MESES<br \/>\n<\/strong><\/p>\n<p><strong>Hasta 4 personas m\u00e1ximo<\/strong><\/p>\n<h3>Principios B\u00e1sicos de la Agricultura Biodin\u00e1mica:<\/h3>\n<ol>\n<li>Qu\u00e9 es la Agricultura Biodin\u00e1mica.<\/li>\n<li>Calendario Biodin\u00e1mico de la Maria Thun:\n<ul>\n<li>Sembrar , plantar , cultivar y crecer con tu finca siguiendo el orden del Cosmos.<\/li>\n<\/ul>\n<\/li>\n<li>Observaci\u00f3n Geotheana:\n<ul>\n<li>Geothe era un filosofo y poeta aleman que mediante la observaci\u00f3n descubrio que la morfologia de las plantas tenia que ver con el movimiento de los planetas.<\/li>\n<li>Vosotros en este curso aprendereis ha observar basandonos en la espiral de fibonacchi , de manera que iremos creando un ecopaisaje en la finca interactuando con los planetas proximos a la tierra y los mas lejanos, para formar un organismo vivo , minimizando as\u00ed la aplicaci\u00f3n insumos para combatir las plagas.<\/li>\n<\/ul>\n<\/li>\n<li>Tratamiento de la tierra:\n<ul>\n<li>La tierra se ha de tratar como un ser vivo , pues es lo que es.<\/li>\n<\/ul>\n<\/li>\n<li>Preparados Biodin\u00e1micos naturales.<\/li>\n<li>Aprender a trabajar con los seres elementales y con los quarzos.<\/li>\n<\/ol>\n<p>El precio por persona ser\u00e1 de 250 \u20ac \/ mes durante 3 meses.<\/p>\n<p><strong>Este curso ser\u00e1 de 3 meses totalmente personalizado.<\/strong><\/p>\n<p>Como m\u00e1ximo 4 personas durante tres meses.<\/p>\n<p>El agricultor recibir\u00e1 unos apuntes por email, que tendr\u00e1 que ir estudiando, los iremos adaptando a las necesidades de la finca.<\/p>\n<p>La comunicaci\u00f3n sera por email y por whatsapp, no habr\u00e1 un horario fijo de conexi\u00f3n.<\/p>\n<p><strong>Las dudas se resolver\u00e1n por Skype, 1 hora a la semana.<\/strong><\/p>\n","protected":false},"featured_media":1378,"template":"","meta":[],"product_brand":[],"product_cat":[33],"product_tag":[],"class_list":{"0":"post-1485","1":"product","2":"type-product","3":"status-publish","4":"has-post-thumbnail","6":"product_cat-cursos-online","8":"first","9":"instock","10":"virtual","11":"taxable","12":"purchasable","13":"product-type-subscription"},"group_of_quantity":0,"min_quantity":0,"max_quantity":4,"exclude_order_quantity_value_rules":"no","exclude_category_quantity_rules":"no","combine_variations":"no","yoast_head":"<!-- This site is optimized with the Yoast SEO plugin v27.1.1 - https:\/\/yoast.com\/product\/yoast-seo-wordpress\/ -->\n<title>Curso de iniciaci\u00f3n a la agricultura biodin\u00e1mica - Vivers Salicr\u00fa<\/title>\n<meta name=\"robots\" content=\"index, follow, max-snippet:-1, max-image-preview:large, max-video-preview:-1\" \/>\n<link rel=\"canonical\" href=\"https:\/\/www.viverssalicru.cat\/es\/producto\/iniciacion-agricultura-biodinamica\/\" \/>\n<meta property=\"og:locale\" content=\"es_ES\" \/>\n<meta property=\"og:type\" content=\"article\" \/>\n<meta property=\"og:title\" content=\"Curso de iniciaci\u00f3n a la agricultura biodin\u00e1mica - Vivers Salicr\u00fa\" \/>\n<meta property=\"og:description\" content=\"EXCLUSIVO - 3 MESES   Hasta 4 personas m\u00e1ximo Principios B\u00e1sicos de la Agricultura Biodin\u00e1mica:   Qu\u00e9 es la Agricultura Biodin\u00e1mica.  Calendario Biodin\u00e1mico de la Maria Thun:   Sembrar , plantar , cultivar y crecer con tu finca siguiendo el orden del Cosmos.    Observaci\u00f3n Geotheana:   Geothe era un filosofo y poeta aleman que mediante la observaci\u00f3n descubrio que la morfologia de las plantas tenia que ver con el movimiento de los planetas.  Vosotros en este curso aprendereis ha observar basandonos en la espiral de fibonacchi , de manera que iremos creando un ecopaisaje en la finca interactuando con los planetas proximos a la tierra y los mas lejanos, para formar un organismo vivo , minimizando as\u00ed la aplicaci\u00f3n insumos para combatir las plagas.    Tratamiento de la tierra:   La tierra se ha de tratar como un ser vivo , pues es lo que es.    Preparados Biodin\u00e1micos naturales.  Aprender a trabajar con los seres elementales y con los quarzos.  El precio por persona ser\u00e1 de 250 \u20ac \/ mes durante 3 meses.  Este curso ser\u00e1 de 3 meses totalmente personalizado.  Como m\u00e1ximo 4 personas durante tres meses.  El agricultor recibir\u00e1 unos apuntes por email, que tendr\u00e1 que ir estudiando, los iremos adaptando a las necesidades de la finca.  La comunicaci\u00f3n sera por email y por whatsapp, no habr\u00e1 un horario fijo de conexi\u00f3n.  Las dudas se resolver\u00e1n por Skype, 1 hora a la semana.\" \/>\n<meta property=\"og:url\" content=\"https:\/\/www.viverssalicru.cat\/es\/producto\/iniciacion-agricultura-biodinamica\/\" \/>\n<meta property=\"og:site_name\" content=\"Vivers Salicr\u00fa\" \/>\n<meta property=\"article:modified_time\" content=\"2023-03-02T15:19:23+00:00\" \/>\n<meta property=\"og:image\" content=\"https:\/\/www.viverssalicru.cat\/wp-content\/uploads\/2020\/02\/AOM2019_12_09_MONTNEGRE_Agricultors_139b.jpg\" \/>\n\t<meta property=\"og:image:width\" content=\"1024\" \/>\n\t<meta property=\"og:image:height\" content=\"683\" \/>\n\t<meta property=\"og:image:type\" content=\"image\/jpeg\" \/>\n<meta name=\"twitter:card\" content=\"summary_large_image\" \/>\n<meta name=\"twitter:label1\" content=\"Precio\" \/>\n\t<meta name=\"twitter:data1\" content=\"250.00&euro;\" \/>\n\t<meta name=\"twitter:label2\" content=\"Disponibilidad\" \/>\n\t<meta name=\"twitter:data2\" content=\"Disponible\" \/>\n<script type=\"application\/ld+json\" class=\"yoast-schema-graph\">{\"@context\":\"https:\/\/schema.org\",\"@graph\":[{\"@type\":\"WebPage\",\"@id\":\"https:\/\/www.viverssalicru.cat\/es\/producto\/iniciacion-agricultura-biodinamica\/\",\"url\":\"https:\/\/www.viverssalicru.cat\/es\/producto\/iniciacion-agricultura-biodinamica\/\",\"name\":\"Curso de iniciaci\u00f3n a la agricultura biodin\u00e1mica - Vivers Salicr\u00fa\",\"isPartOf\":{\"@id\":\"https:\/\/www.viverssalicru.cat\/es\/#website\"},\"primaryImageOfPage\":{\"@id\":\"https:\/\/www.viverssalicru.cat\/es\/producto\/iniciacion-agricultura-biodinamica\/#primaryimage\"},\"image\":{\"@id\":\"https:\/\/www.viverssalicru.cat\/es\/producto\/iniciacion-agricultura-biodinamica\/#primaryimage\"},\"thumbnailUrl\":\"https:\/\/www.viverssalicru.cat\/wp-content\/uploads\/2020\/02\/AOM2019_12_09_MONTNEGRE_Agricultors_139b.jpg\",\"datePublished\":\"2020-03-02T15:23:41+00:00\",\"dateModified\":\"2023-03-02T15:19:23+00:00\",\"breadcrumb\":{\"@id\":\"https:\/\/www.viverssalicru.cat\/es\/producto\/iniciacion-agricultura-biodinamica\/#breadcrumb\"},\"inLanguage\":\"es\",\"potentialAction\":[{\"@type\":\"ReadAction\",\"target\":[\"https:\/\/www.viverssalicru.cat\/es\/producto\/iniciacion-agricultura-biodinamica\/\"]}]},{\"@type\":\"ImageObject\",\"inLanguage\":\"es\",\"@id\":\"https:\/\/www.viverssalicru.cat\/es\/producto\/iniciacion-agricultura-biodinamica\/#primaryimage\",\"url\":\"https:\/\/www.viverssalicru.cat\/wp-content\/uploads\/2020\/02\/AOM2019_12_09_MONTNEGRE_Agricultors_139b.jpg\",\"contentUrl\":\"https:\/\/www.viverssalicru.cat\/wp-content\/uploads\/2020\/02\/AOM2019_12_09_MONTNEGRE_Agricultors_139b.jpg\",\"width\":1024,\"height\":683,\"caption\":\"Joan Salicr\u00fa\"},{\"@type\":\"BreadcrumbList\",\"@id\":\"https:\/\/www.viverssalicru.cat\/es\/producto\/iniciacion-agricultura-biodinamica\/#breadcrumb\",\"itemListElement\":[{\"@type\":\"ListItem\",\"position\":1,\"name\":\"Portada\",\"item\":\"https:\/\/www.viverssalicru.cat\/es\/landscaper-home\/\"},{\"@type\":\"ListItem\",\"position\":2,\"name\":\"Tienda\",\"item\":\"https:\/\/www.viverssalicru.cat\/es\/tienda\/\"},{\"@type\":\"ListItem\",\"position\":3,\"name\":\"Iniciaci\u00f3n a la Agricultura Biodin\u00e1mica\"}]},{\"@type\":\"WebSite\",\"@id\":\"https:\/\/www.viverssalicru.cat\/es\/#website\",\"url\":\"https:\/\/www.viverssalicru.cat\/es\/\",\"name\":\"Vivers Salicr\u00fa\",\"description\":\"Hort ecol\u00f2gic i biodin\u00e0mic\",\"publisher\":{\"@id\":\"https:\/\/www.viverssalicru.cat\/es\/#organization\"},\"potentialAction\":[{\"@type\":\"SearchAction\",\"target\":{\"@type\":\"EntryPoint\",\"urlTemplate\":\"https:\/\/www.viverssalicru.cat\/es\/?s={search_term_string}\"},\"query-input\":{\"@type\":\"PropertyValueSpecification\",\"valueRequired\":true,\"valueName\":\"search_term_string\"}}],\"inLanguage\":\"es\"},{\"@type\":\"Organization\",\"@id\":\"https:\/\/www.viverssalicru.cat\/es\/#organization\",\"name\":\"Vivers Salicr\u00fa\",\"url\":\"https:\/\/www.viverssalicru.cat\/es\/\",\"logo\":{\"@type\":\"ImageObject\",\"inLanguage\":\"es\",\"@id\":\"https:\/\/www.viverssalicru.cat\/es\/#\/schema\/logo\/image\/\",\"url\":\"https:\/\/www.viverssalicru.cat\/wp-content\/uploads\/2020\/02\/viverssalicru-logo-400x141-1.png\",\"contentUrl\":\"https:\/\/www.viverssalicru.cat\/wp-content\/uploads\/2020\/02\/viverssalicru-logo-400x141-1.png\",\"width\":400,\"height\":141,\"caption\":\"Vivers Salicr\u00fa\"},\"image\":{\"@id\":\"https:\/\/www.viverssalicru.cat\/es\/#\/schema\/logo\/image\/\"}}]}<\/script>\n<meta property=\"product:price:amount\" content=\"250.00\" \/>\n<meta property=\"product:price:currency\" content=\"EUR\" \/>\n<meta property=\"og:availability\" content=\"instock\" \/>\n<meta property=\"product:availability\" content=\"instock\" \/>\n<meta property=\"product:retailer_item_id\" content=\"curso-inicagrbio\" \/>\n<meta property=\"product:condition\" content=\"new\" \/>\n<!-- \/ Yoast SEO plugin. -->","yoast_head_json":{"title":"Curso de iniciaci\u00f3n a la agricultura biodin\u00e1mica - Vivers Salicr\u00fa","robots":{"index":"index","follow":"follow","max-snippet":"max-snippet:-1","max-image-preview":"max-image-preview:large","max-video-preview":"max-video-preview:-1"},"canonical":"https:\/\/www.viverssalicru.cat\/es\/producto\/iniciacion-agricultura-biodinamica\/","og_locale":"es_ES","og_type":"article","og_title":"Curso de iniciaci\u00f3n a la agricultura biodin\u00e1mica - Vivers Salicr\u00fa","og_description":"EXCLUSIVO - 3 MESES   Hasta 4 personas m\u00e1ximo Principios B\u00e1sicos de la Agricultura Biodin\u00e1mica:   Qu\u00e9 es la Agricultura Biodin\u00e1mica.  Calendario Biodin\u00e1mico de la Maria Thun:   Sembrar , plantar , cultivar y crecer con tu finca siguiendo el orden del Cosmos.    Observaci\u00f3n Geotheana:   Geothe era un filosofo y poeta aleman que mediante la observaci\u00f3n descubrio que la morfologia de las plantas tenia que ver con el movimiento de los planetas.  Vosotros en este curso aprendereis ha observar basandonos en la espiral de fibonacchi , de manera que iremos creando un ecopaisaje en la finca interactuando con los planetas proximos a la tierra y los mas lejanos, para formar un organismo vivo , minimizando as\u00ed la aplicaci\u00f3n insumos para combatir las plagas.    Tratamiento de la tierra:   La tierra se ha de tratar como un ser vivo , pues es lo que es.    Preparados Biodin\u00e1micos naturales.  Aprender a trabajar con los seres elementales y con los quarzos.  El precio por persona ser\u00e1 de 250 \u20ac \/ mes durante 3 meses.  Este curso ser\u00e1 de 3 meses totalmente personalizado.  Como m\u00e1ximo 4 personas durante tres meses.  El agricultor recibir\u00e1 unos apuntes por email, que tendr\u00e1 que ir estudiando, los iremos adaptando a las necesidades de la finca.  La comunicaci\u00f3n sera por email y por whatsapp, no habr\u00e1 un horario fijo de conexi\u00f3n.  Las dudas se resolver\u00e1n por Skype, 1 hora a la semana.","og_url":"https:\/\/www.viverssalicru.cat\/es\/producto\/iniciacion-agricultura-biodinamica\/","og_site_name":"Vivers Salicr\u00fa","article_modified_time":"2023-03-02T15:19:23+00:00","og_image":[{"width":1024,"height":683,"url":"https:\/\/www.viverssalicru.cat\/wp-content\/uploads\/2020\/02\/AOM2019_12_09_MONTNEGRE_Agricultors_139b.jpg","type":"image\/jpeg"}],"twitter_card":"summary_large_image","twitter_misc":{"Precio":"250.00&euro;","Disponibilidad":"Disponible"},"schema":{"@context":"https:\/\/schema.org","@graph":[{"@type":"WebPage","@id":"https:\/\/www.viverssalicru.cat\/es\/producto\/iniciacion-agricultura-biodinamica\/","url":"https:\/\/www.viverssalicru.cat\/es\/producto\/iniciacion-agricultura-biodinamica\/","name":"Curso de iniciaci\u00f3n a la agricultura biodin\u00e1mica - Vivers Salicr\u00fa","isPartOf":{"@id":"https:\/\/www.viverssalicru.cat\/es\/#website"},"primaryImageOfPage":{"@id":"https:\/\/www.viverssalicru.cat\/es\/producto\/iniciacion-agricultura-biodinamica\/#primaryimage"},"image":{"@id":"https:\/\/www.viverssalicru.cat\/es\/producto\/iniciacion-agricultura-biodinamica\/#primaryimage"},"thumbnailUrl":"https:\/\/www.viverssalicru.cat\/wp-content\/uploads\/2020\/02\/AOM2019_12_09_MONTNEGRE_Agricultors_139b.jpg","datePublished":"2020-03-02T15:23:41+00:00","dateModified":"2023-03-02T15:19:23+00:00","breadcrumb":{"@id":"https:\/\/www.viverssalicru.cat\/es\/producto\/iniciacion-agricultura-biodinamica\/#breadcrumb"},"inLanguage":"es","potentialAction":[{"@type":"ReadAction","target":["https:\/\/www.viverssalicru.cat\/es\/producto\/iniciacion-agricultura-biodinamica\/"]}]},{"@type":"ImageObject","inLanguage":"es","@id":"https:\/\/www.viverssalicru.cat\/es\/producto\/iniciacion-agricultura-biodinamica\/#primaryimage","url":"https:\/\/www.viverssalicru.cat\/wp-content\/uploads\/2020\/02\/AOM2019_12_09_MONTNEGRE_Agricultors_139b.jpg","contentUrl":"https:\/\/www.viverssalicru.cat\/wp-content\/uploads\/2020\/02\/AOM2019_12_09_MONTNEGRE_Agricultors_139b.jpg","width":1024,"height":683,"caption":"Joan Salicr\u00fa"},{"@type":"BreadcrumbList","@id":"https:\/\/www.viverssalicru.cat\/es\/producto\/iniciacion-agricultura-biodinamica\/#breadcrumb","itemListElement":[{"@type":"ListItem","position":1,"name":"Portada","item":"https:\/\/www.viverssalicru.cat\/es\/landscaper-home\/"},{"@type":"ListItem","position":2,"name":"Tienda","item":"https:\/\/www.viverssalicru.cat\/es\/tienda\/"},{"@type":"ListItem","position":3,"name":"Iniciaci\u00f3n a la Agricultura Biodin\u00e1mica"}]},{"@type":"WebSite","@id":"https:\/\/www.viverssalicru.cat\/es\/#website","url":"https:\/\/www.viverssalicru.cat\/es\/","name":"Vivers Salicr\u00fa","description":"Hort ecol\u00f2gic i biodin\u00e0mic","publisher":{"@id":"https:\/\/www.viverssalicru.cat\/es\/#organization"},"potentialAction":[{"@type":"SearchAction","target":{"@type":"EntryPoint","urlTemplate":"https:\/\/www.viverssalicru.cat\/es\/?s={search_term_string}"},"query-input":{"@type":"PropertyValueSpecification","valueRequired":true,"valueName":"search_term_string"}}],"inLanguage":"es"},{"@type":"Organization","@id":"https:\/\/www.viverssalicru.cat\/es\/#organization","name":"Vivers Salicr\u00fa","url":"https:\/\/www.viverssalicru.cat\/es\/","logo":{"@type":"ImageObject","inLanguage":"es","@id":"https:\/\/www.viverssalicru.cat\/es\/#\/schema\/logo\/image\/","url":"https:\/\/www.viverssalicru.cat\/wp-content\/uploads\/2020\/02\/viverssalicru-logo-400x141-1.png","contentUrl":"https:\/\/www.viverssalicru.cat\/wp-content\/uploads\/2020\/02\/viverssalicru-logo-400x141-1.png","width":400,"height":141,"caption":"Vivers Salicr\u00fa"},"image":{"@id":"https:\/\/www.viverssalicru.cat\/es\/#\/schema\/logo\/image\/"}}]},"product_price_amount":"250.00","product_price_currency":"EUR","og_availability":"instock","product_availability":"instock","product_retailer_item_id":"curso-inicagrbio","product_condition":"new"},"_links":{"self":[{"href":"https:\/\/www.viverssalicru.cat\/es\/wp-json\/wp\/v2\/product\/1485","targetHints":{"allow":["GET"]}}],"collection":[{"href":"https:\/\/www.viverssalicru.cat\/es\/wp-json\/wp\/v2\/product"}],"about":[{"href":"https:\/\/www.viverssalicru.cat\/es\/wp-json\/wp\/v2\/types\/product"}],"wp:featuredmedia":[{"embeddable":true,"href":"https:\/\/www.viverssalicru.cat\/es\/wp-json\/wp\/v2\/media\/1378"}],"wp:attachment":[{"href":"https:\/\/www.viverssalicru.cat\/es\/wp-json\/wp\/v2\/media?parent=1485"}],"wp:term":[{"taxonomy":"product_brand","embeddable":true,"href":"https:\/\/www.viverssalicru.cat\/es\/wp-json\/wp\/v2\/product_brand?post=1485"},{"taxonomy":"product_cat","embeddable":true,"href":"https:\/\/www.viverssalicru.cat\/es\/wp-json\/wp\/v2\/product_cat?post=1485"},{"taxonomy":"product_tag","embeddable":true,"href":"https:\/\/www.viverssalicru.cat\/es\/wp-json\/wp\/v2\/product_tag?post=1485"}],"curies":[{"name":"wp","href":"https:\/\/api.w.org\/{rel}","templated":true}]}}