{"id":1539,"date":"2020-01-20T09:41:46","date_gmt":"2020-01-20T08:41:46","guid":{"rendered":"https:\/\/www.viverssalicru.cat\/producte\/visita-guiada-al-huerto-biodinamico-de-joan-salicru\/"},"modified":"2023-06-08T19:14:47","modified_gmt":"2023-06-08T17:14:47","slug":"visita-guiada-huerto-biodinamico-joan-salicru","status":"publish","type":"product","link":"https:\/\/www.viverssalicru.cat\/es\/producto\/visita-guiada-huerto-biodinamico-joan-salicru\/","title":{"rendered":"Visita guiada al Huerto Biodin\u00e1mico de Joan Salicr\u00fa"},"content":{"rendered":"<p><strong>Agricultura Biodin\u00e1mica &#8211; Ecolog\u00eda, Cultura y Entorno<\/strong><\/p>\n<p>Descubre el fant\u00e1stico entorno de Sana\u00fcja, disfruta de una visita a la vieja iglesia templaria y conoce la agricultura Biodin\u00e1mica del huerto de Joan Salicr\u00fa, vine a la visita guiada y descubrir\u00e1s una nueva forma de cultivar y de alimentaci\u00f3n completamente natural.<\/p>\n","protected":false},"excerpt":{"rendered":"<h3>Visita para grupos<\/h3>\n<p>La visita consistir\u00e1 en el recorrido por la granja biodin\u00e1mica acabando en la iglesia templaria, durante 1 hora y media.<\/p>\n<p><strong>Grupos m\u00ednimos de 6 personas<\/strong><\/p>\n<p><strong>Duraci\u00f3n de 1:30h.<\/strong><\/p>\n<p>22 \u20ac por persona.<\/p>\n<p>Cualquier duda, pod\u00e9is consultarme en:<br \/>\ninfo@viverssalicru.cat<\/p>\n","protected":false},"featured_media":1174,"template":"","meta":[],"product_brand":[],"product_cat":[15],"product_tag":[],"class_list":{"0":"post-1539","1":"product","2":"type-product","3":"status-publish","4":"has-post-thumbnail","6":"product_cat-sense-categoria","8":"first","9":"instock","10":"virtual","11":"taxable","12":"purchasable","13":"product-type-simple"},"group_of_quantity":0,"min_quantity":0,"max_quantity":"","exclude_order_quantity_value_rules":"no","exclude_category_quantity_rules":"no","combine_variations":"no","yoast_head":"<!-- This site is optimized with the Yoast SEO plugin v27.1.1 - https:\/\/yoast.com\/product\/yoast-seo-wordpress\/ -->\n<title>Visita guiada al Huerto Biodin\u00e1mico de Joan Salicr\u00fa - Vivers Salicr\u00fa<\/title>\n<meta name=\"description\" content=\"Agricultura Biodin\u00e1mica - Ecolog\u00eda, Cultura y Entorno. Visita para grupos m\u00ednimos de 6 personas. Conoce el huerto biodin\u00e1mico de Joan Salicr\u00fa.\" \/>\n<meta name=\"robots\" content=\"index, follow, max-snippet:-1, max-image-preview:large, max-video-preview:-1\" \/>\n<link rel=\"canonical\" href=\"https:\/\/www.viverssalicru.cat\/es\/producto\/visita-guiada-huerto-biodinamico-joan-salicru\/\" \/>\n<meta property=\"og:locale\" content=\"es_ES\" \/>\n<meta property=\"og:type\" content=\"article\" \/>\n<meta property=\"og:title\" content=\"Visita guiada al Huerto Biodin\u00e1mico de Joan Salicr\u00fa - Vivers Salicr\u00fa\" \/>\n<meta property=\"og:description\" content=\"Agricultura Biodin\u00e1mica - Ecolog\u00eda, Cultura y Entorno. Visita para grupos m\u00ednimos de 6 personas. Conoce el huerto biodin\u00e1mico de Joan Salicr\u00fa.\" \/>\n<meta property=\"og:url\" content=\"https:\/\/www.viverssalicru.cat\/es\/producto\/visita-guiada-huerto-biodinamico-joan-salicru\/\" \/>\n<meta property=\"og:site_name\" content=\"Vivers Salicr\u00fa\" \/>\n<meta property=\"article:modified_time\" content=\"2023-06-08T17:14:47+00:00\" \/>\n<meta property=\"og:image\" content=\"https:\/\/www.viverssalicru.cat\/wp-content\/uploads\/2020\/01\/Visita.jpg\" \/>\n\t<meta property=\"og:image:width\" content=\"320\" \/>\n\t<meta property=\"og:image:height\" content=\"213\" \/>\n\t<meta property=\"og:image:type\" content=\"image\/jpeg\" \/>\n<meta name=\"twitter:card\" content=\"summary_large_image\" \/>\n<meta name=\"twitter:label1\" content=\"Precio\" \/>\n\t<meta name=\"twitter:data1\" content=\"22.00&euro;\" \/>\n\t<meta name=\"twitter:label2\" content=\"Disponibilidad\" \/>\n\t<meta name=\"twitter:data2\" content=\"Disponible\" \/>\n<script type=\"application\/ld+json\" class=\"yoast-schema-graph\">{\"@context\":\"https:\/\/schema.org\",\"@graph\":[{\"@type\":\"WebPage\",\"@id\":\"https:\/\/www.viverssalicru.cat\/es\/producto\/visita-guiada-huerto-biodinamico-joan-salicru\/\",\"url\":\"https:\/\/www.viverssalicru.cat\/es\/producto\/visita-guiada-huerto-biodinamico-joan-salicru\/\",\"name\":\"Visita guiada al Huerto Biodin\u00e1mico de Joan Salicr\u00fa - Vivers Salicr\u00fa\",\"isPartOf\":{\"@id\":\"https:\/\/www.viverssalicru.cat\/es\/#website\"},\"primaryImageOfPage\":{\"@id\":\"https:\/\/www.viverssalicru.cat\/es\/producto\/visita-guiada-huerto-biodinamico-joan-salicru\/#primaryimage\"},\"image\":{\"@id\":\"https:\/\/www.viverssalicru.cat\/es\/producto\/visita-guiada-huerto-biodinamico-joan-salicru\/#primaryimage\"},\"thumbnailUrl\":\"https:\/\/www.viverssalicru.cat\/wp-content\/uploads\/2020\/01\/Visita.jpg\",\"datePublished\":\"2020-01-20T08:41:46+00:00\",\"dateModified\":\"2023-06-08T17:14:47+00:00\",\"description\":\"Agricultura Biodin\u00e1mica - Ecolog\u00eda, Cultura y Entorno. Visita para grupos m\u00ednimos de 6 personas. Conoce el huerto biodin\u00e1mico de Joan Salicr\u00fa.\",\"breadcrumb\":{\"@id\":\"https:\/\/www.viverssalicru.cat\/es\/producto\/visita-guiada-huerto-biodinamico-joan-salicru\/#breadcrumb\"},\"inLanguage\":\"es\",\"potentialAction\":[{\"@type\":\"ReadAction\",\"target\":[\"https:\/\/www.viverssalicru.cat\/es\/producto\/visita-guiada-huerto-biodinamico-joan-salicru\/\"]}]},{\"@type\":\"ImageObject\",\"inLanguage\":\"es\",\"@id\":\"https:\/\/www.viverssalicru.cat\/es\/producto\/visita-guiada-huerto-biodinamico-joan-salicru\/#primaryimage\",\"url\":\"https:\/\/www.viverssalicru.cat\/wp-content\/uploads\/2020\/01\/Visita.jpg\",\"contentUrl\":\"https:\/\/www.viverssalicru.cat\/wp-content\/uploads\/2020\/01\/Visita.jpg\",\"width\":320,\"height\":213},{\"@type\":\"BreadcrumbList\",\"@id\":\"https:\/\/www.viverssalicru.cat\/es\/producto\/visita-guiada-huerto-biodinamico-joan-salicru\/#breadcrumb\",\"itemListElement\":[{\"@type\":\"ListItem\",\"position\":1,\"name\":\"Portada\",\"item\":\"https:\/\/www.viverssalicru.cat\/es\/landscaper-home\/\"},{\"@type\":\"ListItem\",\"position\":2,\"name\":\"Tienda\",\"item\":\"https:\/\/www.viverssalicru.cat\/es\/tienda\/\"},{\"@type\":\"ListItem\",\"position\":3,\"name\":\"Visita guiada al Huerto Biodin\u00e1mico de Joan Salicr\u00fa\"}]},{\"@type\":\"WebSite\",\"@id\":\"https:\/\/www.viverssalicru.cat\/es\/#website\",\"url\":\"https:\/\/www.viverssalicru.cat\/es\/\",\"name\":\"Vivers Salicr\u00fa\",\"description\":\"Hort ecol\u00f2gic i biodin\u00e0mic\",\"publisher\":{\"@id\":\"https:\/\/www.viverssalicru.cat\/es\/#organization\"},\"potentialAction\":[{\"@type\":\"SearchAction\",\"target\":{\"@type\":\"EntryPoint\",\"urlTemplate\":\"https:\/\/www.viverssalicru.cat\/es\/?s={search_term_string}\"},\"query-input\":{\"@type\":\"PropertyValueSpecification\",\"valueRequired\":true,\"valueName\":\"search_term_string\"}}],\"inLanguage\":\"es\"},{\"@type\":\"Organization\",\"@id\":\"https:\/\/www.viverssalicru.cat\/es\/#organization\",\"name\":\"Vivers Salicr\u00fa\",\"url\":\"https:\/\/www.viverssalicru.cat\/es\/\",\"logo\":{\"@type\":\"ImageObject\",\"inLanguage\":\"es\",\"@id\":\"https:\/\/www.viverssalicru.cat\/es\/#\/schema\/logo\/image\/\",\"url\":\"https:\/\/www.viverssalicru.cat\/wp-content\/uploads\/2020\/02\/viverssalicru-logo-400x141-1.png\",\"contentUrl\":\"https:\/\/www.viverssalicru.cat\/wp-content\/uploads\/2020\/02\/viverssalicru-logo-400x141-1.png\",\"width\":400,\"height\":141,\"caption\":\"Vivers Salicr\u00fa\"},\"image\":{\"@id\":\"https:\/\/www.viverssalicru.cat\/es\/#\/schema\/logo\/image\/\"}}]}<\/script>\n<meta property=\"product:price:amount\" content=\"22.00\" \/>\n<meta property=\"product:price:currency\" content=\"EUR\" \/>\n<meta property=\"og:availability\" content=\"instock\" \/>\n<meta property=\"product:availability\" content=\"instock\" \/>\n<meta property=\"product:retailer_item_id\" content=\"visita-guiada\" \/>\n<meta property=\"product:condition\" content=\"new\" \/>\n<!-- \/ Yoast SEO plugin. -->","yoast_head_json":{"title":"Visita guiada al Huerto Biodin\u00e1mico de Joan Salicr\u00fa - Vivers Salicr\u00fa","description":"Agricultura Biodin\u00e1mica - Ecolog\u00eda, Cultura y Entorno. Visita para grupos m\u00ednimos de 6 personas. Conoce el huerto biodin\u00e1mico de Joan Salicr\u00fa.","robots":{"index":"index","follow":"follow","max-snippet":"max-snippet:-1","max-image-preview":"max-image-preview:large","max-video-preview":"max-video-preview:-1"},"canonical":"https:\/\/www.viverssalicru.cat\/es\/producto\/visita-guiada-huerto-biodinamico-joan-salicru\/","og_locale":"es_ES","og_type":"article","og_title":"Visita guiada al Huerto Biodin\u00e1mico de Joan Salicr\u00fa - Vivers Salicr\u00fa","og_description":"Agricultura Biodin\u00e1mica - Ecolog\u00eda, Cultura y Entorno. Visita para grupos m\u00ednimos de 6 personas. Conoce el huerto biodin\u00e1mico de Joan Salicr\u00fa.","og_url":"https:\/\/www.viverssalicru.cat\/es\/producto\/visita-guiada-huerto-biodinamico-joan-salicru\/","og_site_name":"Vivers Salicr\u00fa","article_modified_time":"2023-06-08T17:14:47+00:00","og_image":[{"width":320,"height":213,"url":"https:\/\/www.viverssalicru.cat\/wp-content\/uploads\/2020\/01\/Visita.jpg","type":"image\/jpeg"}],"twitter_card":"summary_large_image","twitter_misc":{"Precio":"22.00&euro;","Disponibilidad":"Disponible"},"schema":{"@context":"https:\/\/schema.org","@graph":[{"@type":"WebPage","@id":"https:\/\/www.viverssalicru.cat\/es\/producto\/visita-guiada-huerto-biodinamico-joan-salicru\/","url":"https:\/\/www.viverssalicru.cat\/es\/producto\/visita-guiada-huerto-biodinamico-joan-salicru\/","name":"Visita guiada al Huerto Biodin\u00e1mico de Joan Salicr\u00fa - Vivers Salicr\u00fa","isPartOf":{"@id":"https:\/\/www.viverssalicru.cat\/es\/#website"},"primaryImageOfPage":{"@id":"https:\/\/www.viverssalicru.cat\/es\/producto\/visita-guiada-huerto-biodinamico-joan-salicru\/#primaryimage"},"image":{"@id":"https:\/\/www.viverssalicru.cat\/es\/producto\/visita-guiada-huerto-biodinamico-joan-salicru\/#primaryimage"},"thumbnailUrl":"https:\/\/www.viverssalicru.cat\/wp-content\/uploads\/2020\/01\/Visita.jpg","datePublished":"2020-01-20T08:41:46+00:00","dateModified":"2023-06-08T17:14:47+00:00","description":"Agricultura Biodin\u00e1mica - Ecolog\u00eda, Cultura y Entorno. Visita para grupos m\u00ednimos de 6 personas. Conoce el huerto biodin\u00e1mico de Joan Salicr\u00fa.","breadcrumb":{"@id":"https:\/\/www.viverssalicru.cat\/es\/producto\/visita-guiada-huerto-biodinamico-joan-salicru\/#breadcrumb"},"inLanguage":"es","potentialAction":[{"@type":"ReadAction","target":["https:\/\/www.viverssalicru.cat\/es\/producto\/visita-guiada-huerto-biodinamico-joan-salicru\/"]}]},{"@type":"ImageObject","inLanguage":"es","@id":"https:\/\/www.viverssalicru.cat\/es\/producto\/visita-guiada-huerto-biodinamico-joan-salicru\/#primaryimage","url":"https:\/\/www.viverssalicru.cat\/wp-content\/uploads\/2020\/01\/Visita.jpg","contentUrl":"https:\/\/www.viverssalicru.cat\/wp-content\/uploads\/2020\/01\/Visita.jpg","width":320,"height":213},{"@type":"BreadcrumbList","@id":"https:\/\/www.viverssalicru.cat\/es\/producto\/visita-guiada-huerto-biodinamico-joan-salicru\/#breadcrumb","itemListElement":[{"@type":"ListItem","position":1,"name":"Portada","item":"https:\/\/www.viverssalicru.cat\/es\/landscaper-home\/"},{"@type":"ListItem","position":2,"name":"Tienda","item":"https:\/\/www.viverssalicru.cat\/es\/tienda\/"},{"@type":"ListItem","position":3,"name":"Visita guiada al Huerto Biodin\u00e1mico de Joan Salicr\u00fa"}]},{"@type":"WebSite","@id":"https:\/\/www.viverssalicru.cat\/es\/#website","url":"https:\/\/www.viverssalicru.cat\/es\/","name":"Vivers Salicr\u00fa","description":"Hort ecol\u00f2gic i biodin\u00e0mic","publisher":{"@id":"https:\/\/www.viverssalicru.cat\/es\/#organization"},"potentialAction":[{"@type":"SearchAction","target":{"@type":"EntryPoint","urlTemplate":"https:\/\/www.viverssalicru.cat\/es\/?s={search_term_string}"},"query-input":{"@type":"PropertyValueSpecification","valueRequired":true,"valueName":"search_term_string"}}],"inLanguage":"es"},{"@type":"Organization","@id":"https:\/\/www.viverssalicru.cat\/es\/#organization","name":"Vivers Salicr\u00fa","url":"https:\/\/www.viverssalicru.cat\/es\/","logo":{"@type":"ImageObject","inLanguage":"es","@id":"https:\/\/www.viverssalicru.cat\/es\/#\/schema\/logo\/image\/","url":"https:\/\/www.viverssalicru.cat\/wp-content\/uploads\/2020\/02\/viverssalicru-logo-400x141-1.png","contentUrl":"https:\/\/www.viverssalicru.cat\/wp-content\/uploads\/2020\/02\/viverssalicru-logo-400x141-1.png","width":400,"height":141,"caption":"Vivers Salicr\u00fa"},"image":{"@id":"https:\/\/www.viverssalicru.cat\/es\/#\/schema\/logo\/image\/"}}]},"product_price_amount":"22.00","product_price_currency":"EUR","og_availability":"instock","product_availability":"instock","product_retailer_item_id":"visita-guiada","product_condition":"new"},"_links":{"self":[{"href":"https:\/\/www.viverssalicru.cat\/es\/wp-json\/wp\/v2\/product\/1539","targetHints":{"allow":["GET"]}}],"collection":[{"href":"https:\/\/www.viverssalicru.cat\/es\/wp-json\/wp\/v2\/product"}],"about":[{"href":"https:\/\/www.viverssalicru.cat\/es\/wp-json\/wp\/v2\/types\/product"}],"wp:featuredmedia":[{"embeddable":true,"href":"https:\/\/www.viverssalicru.cat\/es\/wp-json\/wp\/v2\/media\/1174"}],"wp:attachment":[{"href":"https:\/\/www.viverssalicru.cat\/es\/wp-json\/wp\/v2\/media?parent=1539"}],"wp:term":[{"taxonomy":"product_brand","embeddable":true,"href":"https:\/\/www.viverssalicru.cat\/es\/wp-json\/wp\/v2\/product_brand?post=1539"},{"taxonomy":"product_cat","embeddable":true,"href":"https:\/\/www.viverssalicru.cat\/es\/wp-json\/wp\/v2\/product_cat?post=1539"},{"taxonomy":"product_tag","embeddable":true,"href":"https:\/\/www.viverssalicru.cat\/es\/wp-json\/wp\/v2\/product_tag?post=1539"}],"curies":[{"name":"wp","href":"https:\/\/api.w.org\/{rel}","templated":true}]}}