{"id":1568,"date":"2020-04-08T12:00:22","date_gmt":"2020-04-08T10:00:22","guid":{"rendered":"https:\/\/www.viverssalicru.cat\/producte\/asesoramiento-y-seguimiento-de-fincas-para-agricultura-biodinamica\/"},"modified":"2020-04-30T11:03:25","modified_gmt":"2020-04-30T09:03:25","slug":"asesoramiento-y-seguimiento-de-fincas-para-agricultura-biodinamica","status":"publish","type":"product","link":"https:\/\/www.viverssalicru.cat\/es\/producto\/asesoramiento-y-seguimiento-de-fincas-para-agricultura-biodinamica\/","title":{"rendered":"Asesoramiento y Seguimiento de Fincas para Agricultura Biodin\u00e1mica"},"content":{"rendered":"","protected":false},"excerpt":{"rendered":"<h3>Asesoramiento y seguimiento de fincas que quieran pasarse de la Agricultura Ecol\u00f3gica en la Biodin\u00e1mica y por fincas que ya est\u00e9n trabajando en Agricultura Biodin\u00e1mica.<\/h3>\n<p>Consistir\u00e1 en hacer un seguimiento sobre todo de la aplicaci\u00f3n de los preparados biodin\u00e1micos seg\u00fan las partes formativas de las plantas y de la tierra, as\u00ed como aprender a hacer un trabajo de Observaci\u00f3n Geotheana para crear la ecopaisatge de la finca.<\/p>\n<p>Para que este asesoramiento y seguimiento tenga \u00e9xito es recomendable que el agricultor \/ a, haya hecho previamente un <a href=\"https:\/\/www.viverssalicru.cat\/producte\/iniciacio-agricultura-biodinamica\/\">curso de iniciaci\u00f3n de la Agricultura Biodin\u00e1mica<\/a>.<\/p>\n<p>Este trabajo se impartir\u00e0 online por Whatsapp o por Skype.<\/p>\n<p>El asesoramiento y seguimiento tendr\u00e1 un coste de 150 \u20ac \/ mes, para fincas de 1ha a 10 ha.<\/p>\n<p>De 10ha a 20ha el coste ser\u00e1 de 250 \u20ac \/ mes y as\u00ed sucesivamente, cada 10ha de m\u00e1s el coste aumenta + 100 \u20ac \/ mes.<\/p>\n<p>&nbsp;<\/p>\n","protected":false},"featured_media":1387,"template":"","meta":[],"product_brand":[],"product_cat":[15],"product_tag":[],"class_list":{"0":"post-1568","1":"product","2":"type-product","3":"status-publish","4":"has-post-thumbnail","6":"product_cat-sense-categoria","8":"first","9":"instock","10":"taxable","11":"shipping-taxable","12":"purchasable","13":"product-type-variable-subscription"},"group_of_quantity":0,"min_quantity":0,"max_quantity":"","exclude_order_quantity_value_rules":"no","exclude_category_quantity_rules":"no","combine_variations":"no","yoast_head":"<!-- This site is optimized with the Yoast SEO plugin v27.1.1 - https:\/\/yoast.com\/product\/yoast-seo-wordpress\/ -->\n<title>Asesoramiento y Seguimiento de Fincas para Agricultura Biodin\u00e1mica - Vivers Salicr\u00fa<\/title>\n<meta name=\"robots\" content=\"index, follow, max-snippet:-1, max-image-preview:large, max-video-preview:-1\" \/>\n<link rel=\"canonical\" href=\"https:\/\/www.viverssalicru.cat\/es\/producto\/asesoramiento-y-seguimiento-de-fincas-para-agricultura-biodinamica\/\" \/>\n<meta property=\"og:locale\" content=\"es_ES\" \/>\n<meta property=\"og:type\" content=\"article\" \/>\n<meta property=\"og:title\" content=\"Asesoramiento y Seguimiento de Fincas para Agricultura Biodin\u00e1mica - Vivers Salicr\u00fa\" \/>\n<meta property=\"og:description\" content=\"Asesoramiento y seguimiento de fincas que quieran pasarse de la Agricultura Ecol\u00f3gica en la Biodin\u00e1mica y por fincas que ya est\u00e9n trabajando en Agricultura Biodin\u00e1mica. Consistir\u00e1 en hacer un seguimiento sobre todo de la aplicaci\u00f3n de los preparados biodin\u00e1micos seg\u00fan las partes formativas de las plantas y de la tierra, as\u00ed como aprender a hacer un trabajo de Observaci\u00f3n Geotheana para crear la ecopaisatge de la finca.  Para que este asesoramiento y seguimiento tenga \u00e9xito es recomendable que el agricultor \/ a, haya hecho previamente un curso de iniciaci\u00f3n de la Agricultura Biodin\u00e1mica.  Este trabajo se impartir\u00e0 online por Whatsapp o por Skype.  El asesoramiento y seguimiento tendr\u00e1 un coste de 150 \u20ac \/ mes, para fincas de 1ha a 10 ha.  De 10ha a 20ha el coste ser\u00e1 de 250 \u20ac \/ mes y as\u00ed sucesivamente, cada 10ha de m\u00e1s el coste aumenta + 100 \u20ac \/ mes.  &nbsp;\" \/>\n<meta property=\"og:url\" content=\"https:\/\/www.viverssalicru.cat\/es\/producto\/asesoramiento-y-seguimiento-de-fincas-para-agricultura-biodinamica\/\" \/>\n<meta property=\"og:site_name\" content=\"Vivers Salicr\u00fa\" \/>\n<meta property=\"article:modified_time\" content=\"2020-04-30T09:03:25+00:00\" \/>\n<meta property=\"og:image\" content=\"https:\/\/www.viverssalicru.cat\/wp-content\/uploads\/2020\/02\/AOM2019_12_18_MONTNEGRE_Vallgorguina_2b.jpg\" \/>\n\t<meta property=\"og:image:width\" content=\"1024\" \/>\n\t<meta property=\"og:image:height\" content=\"684\" \/>\n\t<meta property=\"og:image:type\" content=\"image\/jpeg\" \/>\n<meta name=\"twitter:card\" content=\"summary_large_image\" \/>\n<meta name=\"twitter:label1\" content=\"Precio\" \/>\n\t<meta name=\"twitter:data1\" content=\"150.00&euro;\" \/>\n\t<meta name=\"twitter:label2\" content=\"Disponibilidad\" \/>\n\t<meta name=\"twitter:data2\" content=\"Disponible\" \/>\n<script type=\"application\/ld+json\" class=\"yoast-schema-graph\">{\"@context\":\"https:\/\/schema.org\",\"@graph\":[{\"@type\":\"WebPage\",\"@id\":\"https:\/\/www.viverssalicru.cat\/es\/producto\/asesoramiento-y-seguimiento-de-fincas-para-agricultura-biodinamica\/\",\"url\":\"https:\/\/www.viverssalicru.cat\/es\/producto\/asesoramiento-y-seguimiento-de-fincas-para-agricultura-biodinamica\/\",\"name\":\"Asesoramiento y Seguimiento de Fincas para Agricultura Biodin\u00e1mica - Vivers Salicr\u00fa\",\"isPartOf\":{\"@id\":\"https:\/\/www.viverssalicru.cat\/es\/#website\"},\"primaryImageOfPage\":{\"@id\":\"https:\/\/www.viverssalicru.cat\/es\/producto\/asesoramiento-y-seguimiento-de-fincas-para-agricultura-biodinamica\/#primaryimage\"},\"image\":{\"@id\":\"https:\/\/www.viverssalicru.cat\/es\/producto\/asesoramiento-y-seguimiento-de-fincas-para-agricultura-biodinamica\/#primaryimage\"},\"thumbnailUrl\":\"https:\/\/www.viverssalicru.cat\/wp-content\/uploads\/2020\/02\/AOM2019_12_18_MONTNEGRE_Vallgorguina_2b.jpg\",\"datePublished\":\"2020-04-08T10:00:22+00:00\",\"dateModified\":\"2020-04-30T09:03:25+00:00\",\"breadcrumb\":{\"@id\":\"https:\/\/www.viverssalicru.cat\/es\/producto\/asesoramiento-y-seguimiento-de-fincas-para-agricultura-biodinamica\/#breadcrumb\"},\"inLanguage\":\"es\",\"potentialAction\":[{\"@type\":\"ReadAction\",\"target\":[\"https:\/\/www.viverssalicru.cat\/es\/producto\/asesoramiento-y-seguimiento-de-fincas-para-agricultura-biodinamica\/\"]}]},{\"@type\":\"ImageObject\",\"inLanguage\":\"es\",\"@id\":\"https:\/\/www.viverssalicru.cat\/es\/producto\/asesoramiento-y-seguimiento-de-fincas-para-agricultura-biodinamica\/#primaryimage\",\"url\":\"https:\/\/www.viverssalicru.cat\/wp-content\/uploads\/2020\/02\/AOM2019_12_18_MONTNEGRE_Vallgorguina_2b.jpg\",\"contentUrl\":\"https:\/\/www.viverssalicru.cat\/wp-content\/uploads\/2020\/02\/AOM2019_12_18_MONTNEGRE_Vallgorguina_2b.jpg\",\"width\":1024,\"height\":684},{\"@type\":\"BreadcrumbList\",\"@id\":\"https:\/\/www.viverssalicru.cat\/es\/producto\/asesoramiento-y-seguimiento-de-fincas-para-agricultura-biodinamica\/#breadcrumb\",\"itemListElement\":[{\"@type\":\"ListItem\",\"position\":1,\"name\":\"Portada\",\"item\":\"https:\/\/www.viverssalicru.cat\/es\/landscaper-home\/\"},{\"@type\":\"ListItem\",\"position\":2,\"name\":\"Tienda\",\"item\":\"https:\/\/www.viverssalicru.cat\/es\/tienda\/\"},{\"@type\":\"ListItem\",\"position\":3,\"name\":\"Asesoramiento y Seguimiento de Fincas para Agricultura Biodin\u00e1mica\"}]},{\"@type\":\"WebSite\",\"@id\":\"https:\/\/www.viverssalicru.cat\/es\/#website\",\"url\":\"https:\/\/www.viverssalicru.cat\/es\/\",\"name\":\"Vivers Salicr\u00fa\",\"description\":\"Hort ecol\u00f2gic i biodin\u00e0mic\",\"publisher\":{\"@id\":\"https:\/\/www.viverssalicru.cat\/es\/#organization\"},\"potentialAction\":[{\"@type\":\"SearchAction\",\"target\":{\"@type\":\"EntryPoint\",\"urlTemplate\":\"https:\/\/www.viverssalicru.cat\/es\/?s={search_term_string}\"},\"query-input\":{\"@type\":\"PropertyValueSpecification\",\"valueRequired\":true,\"valueName\":\"search_term_string\"}}],\"inLanguage\":\"es\"},{\"@type\":\"Organization\",\"@id\":\"https:\/\/www.viverssalicru.cat\/es\/#organization\",\"name\":\"Vivers Salicr\u00fa\",\"url\":\"https:\/\/www.viverssalicru.cat\/es\/\",\"logo\":{\"@type\":\"ImageObject\",\"inLanguage\":\"es\",\"@id\":\"https:\/\/www.viverssalicru.cat\/es\/#\/schema\/logo\/image\/\",\"url\":\"https:\/\/www.viverssalicru.cat\/wp-content\/uploads\/2020\/02\/viverssalicru-logo-400x141-1.png\",\"contentUrl\":\"https:\/\/www.viverssalicru.cat\/wp-content\/uploads\/2020\/02\/viverssalicru-logo-400x141-1.png\",\"width\":400,\"height\":141,\"caption\":\"Vivers Salicr\u00fa\"},\"image\":{\"@id\":\"https:\/\/www.viverssalicru.cat\/es\/#\/schema\/logo\/image\/\"}}]}<\/script>\n<meta property=\"product:price:amount\" content=\"150.00\" \/>\n<meta property=\"product:price:currency\" content=\"EUR\" \/>\n<meta property=\"og:availability\" content=\"instock\" \/>\n<meta property=\"product:availability\" content=\"instock\" \/>\n<meta property=\"product:retailer_item_id\" content=\"assesorament-biodinamica\" \/>\n<meta property=\"product:condition\" content=\"new\" \/>\n<!-- \/ Yoast SEO plugin. -->","yoast_head_json":{"title":"Asesoramiento y Seguimiento de Fincas para Agricultura Biodin\u00e1mica - Vivers Salicr\u00fa","robots":{"index":"index","follow":"follow","max-snippet":"max-snippet:-1","max-image-preview":"max-image-preview:large","max-video-preview":"max-video-preview:-1"},"canonical":"https:\/\/www.viverssalicru.cat\/es\/producto\/asesoramiento-y-seguimiento-de-fincas-para-agricultura-biodinamica\/","og_locale":"es_ES","og_type":"article","og_title":"Asesoramiento y Seguimiento de Fincas para Agricultura Biodin\u00e1mica - Vivers Salicr\u00fa","og_description":"Asesoramiento y seguimiento de fincas que quieran pasarse de la Agricultura Ecol\u00f3gica en la Biodin\u00e1mica y por fincas que ya est\u00e9n trabajando en Agricultura Biodin\u00e1mica. Consistir\u00e1 en hacer un seguimiento sobre todo de la aplicaci\u00f3n de los preparados biodin\u00e1micos seg\u00fan las partes formativas de las plantas y de la tierra, as\u00ed como aprender a hacer un trabajo de Observaci\u00f3n Geotheana para crear la ecopaisatge de la finca.  Para que este asesoramiento y seguimiento tenga \u00e9xito es recomendable que el agricultor \/ a, haya hecho previamente un curso de iniciaci\u00f3n de la Agricultura Biodin\u00e1mica.  Este trabajo se impartir\u00e0 online por Whatsapp o por Skype.  El asesoramiento y seguimiento tendr\u00e1 un coste de 150 \u20ac \/ mes, para fincas de 1ha a 10 ha.  De 10ha a 20ha el coste ser\u00e1 de 250 \u20ac \/ mes y as\u00ed sucesivamente, cada 10ha de m\u00e1s el coste aumenta + 100 \u20ac \/ mes.  &nbsp;","og_url":"https:\/\/www.viverssalicru.cat\/es\/producto\/asesoramiento-y-seguimiento-de-fincas-para-agricultura-biodinamica\/","og_site_name":"Vivers Salicr\u00fa","article_modified_time":"2020-04-30T09:03:25+00:00","og_image":[{"width":1024,"height":684,"url":"https:\/\/www.viverssalicru.cat\/wp-content\/uploads\/2020\/02\/AOM2019_12_18_MONTNEGRE_Vallgorguina_2b.jpg","type":"image\/jpeg"}],"twitter_card":"summary_large_image","twitter_misc":{"Precio":"150.00&euro;","Disponibilidad":"Disponible"},"schema":{"@context":"https:\/\/schema.org","@graph":[{"@type":"WebPage","@id":"https:\/\/www.viverssalicru.cat\/es\/producto\/asesoramiento-y-seguimiento-de-fincas-para-agricultura-biodinamica\/","url":"https:\/\/www.viverssalicru.cat\/es\/producto\/asesoramiento-y-seguimiento-de-fincas-para-agricultura-biodinamica\/","name":"Asesoramiento y Seguimiento de Fincas para Agricultura Biodin\u00e1mica - Vivers Salicr\u00fa","isPartOf":{"@id":"https:\/\/www.viverssalicru.cat\/es\/#website"},"primaryImageOfPage":{"@id":"https:\/\/www.viverssalicru.cat\/es\/producto\/asesoramiento-y-seguimiento-de-fincas-para-agricultura-biodinamica\/#primaryimage"},"image":{"@id":"https:\/\/www.viverssalicru.cat\/es\/producto\/asesoramiento-y-seguimiento-de-fincas-para-agricultura-biodinamica\/#primaryimage"},"thumbnailUrl":"https:\/\/www.viverssalicru.cat\/wp-content\/uploads\/2020\/02\/AOM2019_12_18_MONTNEGRE_Vallgorguina_2b.jpg","datePublished":"2020-04-08T10:00:22+00:00","dateModified":"2020-04-30T09:03:25+00:00","breadcrumb":{"@id":"https:\/\/www.viverssalicru.cat\/es\/producto\/asesoramiento-y-seguimiento-de-fincas-para-agricultura-biodinamica\/#breadcrumb"},"inLanguage":"es","potentialAction":[{"@type":"ReadAction","target":["https:\/\/www.viverssalicru.cat\/es\/producto\/asesoramiento-y-seguimiento-de-fincas-para-agricultura-biodinamica\/"]}]},{"@type":"ImageObject","inLanguage":"es","@id":"https:\/\/www.viverssalicru.cat\/es\/producto\/asesoramiento-y-seguimiento-de-fincas-para-agricultura-biodinamica\/#primaryimage","url":"https:\/\/www.viverssalicru.cat\/wp-content\/uploads\/2020\/02\/AOM2019_12_18_MONTNEGRE_Vallgorguina_2b.jpg","contentUrl":"https:\/\/www.viverssalicru.cat\/wp-content\/uploads\/2020\/02\/AOM2019_12_18_MONTNEGRE_Vallgorguina_2b.jpg","width":1024,"height":684},{"@type":"BreadcrumbList","@id":"https:\/\/www.viverssalicru.cat\/es\/producto\/asesoramiento-y-seguimiento-de-fincas-para-agricultura-biodinamica\/#breadcrumb","itemListElement":[{"@type":"ListItem","position":1,"name":"Portada","item":"https:\/\/www.viverssalicru.cat\/es\/landscaper-home\/"},{"@type":"ListItem","position":2,"name":"Tienda","item":"https:\/\/www.viverssalicru.cat\/es\/tienda\/"},{"@type":"ListItem","position":3,"name":"Asesoramiento y Seguimiento de Fincas para Agricultura Biodin\u00e1mica"}]},{"@type":"WebSite","@id":"https:\/\/www.viverssalicru.cat\/es\/#website","url":"https:\/\/www.viverssalicru.cat\/es\/","name":"Vivers Salicr\u00fa","description":"Hort ecol\u00f2gic i biodin\u00e0mic","publisher":{"@id":"https:\/\/www.viverssalicru.cat\/es\/#organization"},"potentialAction":[{"@type":"SearchAction","target":{"@type":"EntryPoint","urlTemplate":"https:\/\/www.viverssalicru.cat\/es\/?s={search_term_string}"},"query-input":{"@type":"PropertyValueSpecification","valueRequired":true,"valueName":"search_term_string"}}],"inLanguage":"es"},{"@type":"Organization","@id":"https:\/\/www.viverssalicru.cat\/es\/#organization","name":"Vivers Salicr\u00fa","url":"https:\/\/www.viverssalicru.cat\/es\/","logo":{"@type":"ImageObject","inLanguage":"es","@id":"https:\/\/www.viverssalicru.cat\/es\/#\/schema\/logo\/image\/","url":"https:\/\/www.viverssalicru.cat\/wp-content\/uploads\/2020\/02\/viverssalicru-logo-400x141-1.png","contentUrl":"https:\/\/www.viverssalicru.cat\/wp-content\/uploads\/2020\/02\/viverssalicru-logo-400x141-1.png","width":400,"height":141,"caption":"Vivers Salicr\u00fa"},"image":{"@id":"https:\/\/www.viverssalicru.cat\/es\/#\/schema\/logo\/image\/"}}]},"product_price_amount":"150.00","product_price_currency":"EUR","og_availability":"instock","product_availability":"instock","product_retailer_item_id":"assesorament-biodinamica","product_condition":"new"},"_links":{"self":[{"href":"https:\/\/www.viverssalicru.cat\/es\/wp-json\/wp\/v2\/product\/1568","targetHints":{"allow":["GET"]}}],"collection":[{"href":"https:\/\/www.viverssalicru.cat\/es\/wp-json\/wp\/v2\/product"}],"about":[{"href":"https:\/\/www.viverssalicru.cat\/es\/wp-json\/wp\/v2\/types\/product"}],"wp:featuredmedia":[{"embeddable":true,"href":"https:\/\/www.viverssalicru.cat\/es\/wp-json\/wp\/v2\/media\/1387"}],"wp:attachment":[{"href":"https:\/\/www.viverssalicru.cat\/es\/wp-json\/wp\/v2\/media?parent=1568"}],"wp:term":[{"taxonomy":"product_brand","embeddable":true,"href":"https:\/\/www.viverssalicru.cat\/es\/wp-json\/wp\/v2\/product_brand?post=1568"},{"taxonomy":"product_cat","embeddable":true,"href":"https:\/\/www.viverssalicru.cat\/es\/wp-json\/wp\/v2\/product_cat?post=1568"},{"taxonomy":"product_tag","embeddable":true,"href":"https:\/\/www.viverssalicru.cat\/es\/wp-json\/wp\/v2\/product_tag?post=1568"}],"curies":[{"name":"wp","href":"https:\/\/api.w.org\/{rel}","templated":true}]}}