{"id":2813,"date":"2026-04-07T14:06:16","date_gmt":"2026-04-07T12:06:16","guid":{"rendered":"https:\/\/www.viverssalicru.cat\/producte\/banquet-michelin-taller-de-preparats-biodinamics-de-primavera\/"},"modified":"2026-04-07T14:45:49","modified_gmt":"2026-04-07T12:45:49","slug":"banquet-michelin-taller-de-preparats-biodinamics-de-primavera","status":"publish","type":"product","link":"https:\/\/www.viverssalicru.cat\/es\/producto\/banquet-michelin-taller-de-preparats-biodinamics-de-primavera\/","title":{"rendered":"Banquete Michelin &amp; Taller de preparados biodin\u00e1micos de primavera"},"content":{"rendered":"","protected":false},"excerpt":{"rendered":"<p>EN EL HUERTO DE JOAN SALICR\u00da<br \/>\n70\u20ac<br \/>\nPlazas limitades<br \/>\nVallgorguina, Parc del Montnegre i Corredor<\/p>\n<p>25 DE ABRIL DE 2026<br \/>\n09.30 &#8211; 18h<\/p>\n<p>El precio incluye el taller y una comida con maridaje preparado por el chef Francesc Rovira, de Fonda Xesc, restaurante con una estrella Michelin.<br \/>\nUna jornada pr\u00e1ctica dedicada a los preparados biodin\u00e1micos de primavera, conducida por Joan Salicr\u00fa, para profundizar en los ritmos, los procesos y las pr\u00e1cticas de la agricultura biodin\u00e1mica.<\/p>\n<p><strong>Programa:<\/strong><br \/>\n09.30h &#8211; Llegada a la finca de los preparados biodin\u00e1micos de primavera<br \/>\n10.15 a 13.00h &#8211; Elaboraci\u00f3n de los preparados 501, 502 1 504<br \/>\n13.00 a 14.00h &#8211; Entierro desde preparados<br \/>\n16.00 a 17.00h &#8211; Dudas y clausura del taller<\/p>\n<p><strong>Informaci\u00f3n pr\u00e1ctica:<\/strong><br \/>\nHay que llevar: calzado de campo, guantestijeras de poda.<\/p>\n<p><img decoding=\"async\" class=\"alignleft size-medium wp-image-2811\" src=\"https:\/\/www.viverssalicru.cat\/wp-content\/uploads\/2026\/04\/eu_funded_en-300x63.jpg\" alt=\"Funded by the EU\" width=\"300\" height=\"63\" srcset=\"https:\/\/www.viverssalicru.cat\/wp-content\/uploads\/2026\/04\/eu_funded_en-200x42.jpg 200w, https:\/\/www.viverssalicru.cat\/wp-content\/uploads\/2026\/04\/eu_funded_en-300x63.jpg 300w, https:\/\/www.viverssalicru.cat\/wp-content\/uploads\/2026\/04\/eu_funded_en-400x84.jpg 400w, https:\/\/www.viverssalicru.cat\/wp-content\/uploads\/2026\/04\/eu_funded_en-500x105.jpg 500w, https:\/\/www.viverssalicru.cat\/wp-content\/uploads\/2026\/04\/eu_funded_en-600x126.jpg 600w, https:\/\/www.viverssalicru.cat\/wp-content\/uploads\/2026\/04\/eu_funded_en-700x147.jpg 700w, https:\/\/www.viverssalicru.cat\/wp-content\/uploads\/2026\/04\/eu_funded_en-768x161.jpg 768w, https:\/\/www.viverssalicru.cat\/wp-content\/uploads\/2026\/04\/eu_funded_en-800x168.jpg 800w, https:\/\/www.viverssalicru.cat\/wp-content\/uploads\/2026\/04\/eu_funded_en-1024x215.jpg 1024w, https:\/\/www.viverssalicru.cat\/wp-content\/uploads\/2026\/04\/eu_funded_en.jpg 1100w\" sizes=\"(max-width: 300px) 100vw, 300px\" \/><img decoding=\"async\" class=\"alignleft wp-image-2809\" src=\"https:\/\/www.viverssalicru.cat\/wp-content\/uploads\/2026\/04\/3-TASTE-LOGO-HORIZONTAL-PRIMARY-2-1-300x109.png\" alt=\"TASTE\" width=\"173\" height=\"63\" srcset=\"https:\/\/www.viverssalicru.cat\/wp-content\/uploads\/2026\/04\/3-TASTE-LOGO-HORIZONTAL-PRIMARY-2-1-200x73.png 200w, https:\/\/www.viverssalicru.cat\/wp-content\/uploads\/2026\/04\/3-TASTE-LOGO-HORIZONTAL-PRIMARY-2-1-300x109.png 300w, https:\/\/www.viverssalicru.cat\/wp-content\/uploads\/2026\/04\/3-TASTE-LOGO-HORIZONTAL-PRIMARY-2-1-400x146.png 400w, https:\/\/www.viverssalicru.cat\/wp-content\/uploads\/2026\/04\/3-TASTE-LOGO-HORIZONTAL-PRIMARY-2-1-500x182.png 500w, https:\/\/www.viverssalicru.cat\/wp-content\/uploads\/2026\/04\/3-TASTE-LOGO-HORIZONTAL-PRIMARY-2-1-600x219.png 600w, https:\/\/www.viverssalicru.cat\/wp-content\/uploads\/2026\/04\/3-TASTE-LOGO-HORIZONTAL-PRIMARY-2-1-700x255.png 700w, https:\/\/www.viverssalicru.cat\/wp-content\/uploads\/2026\/04\/3-TASTE-LOGO-HORIZONTAL-PRIMARY-2-1-768x280.png 768w, https:\/\/www.viverssalicru.cat\/wp-content\/uploads\/2026\/04\/3-TASTE-LOGO-HORIZONTAL-PRIMARY-2-1-800x291.png 800w, https:\/\/www.viverssalicru.cat\/wp-content\/uploads\/2026\/04\/3-TASTE-LOGO-HORIZONTAL-PRIMARY-2-1-1024x373.png 1024w, https:\/\/www.viverssalicru.cat\/wp-content\/uploads\/2026\/04\/3-TASTE-LOGO-HORIZONTAL-PRIMARY-2-1-1200x437.png 1200w, https:\/\/www.viverssalicru.cat\/wp-content\/uploads\/2026\/04\/3-TASTE-LOGO-HORIZONTAL-PRIMARY-2-1.png 1285w\" sizes=\"(max-width: 173px) 100vw, 173px\" \/><\/p>\n","protected":false},"featured_media":2807,"template":"","meta":[],"product_brand":[],"product_cat":[42],"product_tag":[],"class_list":{"0":"post-2813","1":"product","2":"type-product","3":"status-publish","4":"has-post-thumbnail","6":"product_cat-talleres","8":"first","9":"instock","10":"virtual","11":"taxable","12":"purchasable","13":"product-type-simple"},"group_of_quantity":0,"min_quantity":0,"max_quantity":"","exclude_order_quantity_value_rules":"no","exclude_category_quantity_rules":"no","combine_variations":"no","yoast_head":"<!-- This site is optimized with the Yoast SEO plugin v27.1.1 - https:\/\/yoast.com\/product\/yoast-seo-wordpress\/ -->\n<title>Banquete Michelin &amp; Taller de preparados biodin\u00e1micos de primavera - Vivers Salicr\u00fa<\/title>\n<meta name=\"description\" content=\"Jornada pr\u00e1ctica dedicada a los preparados biodin\u00e1micos de primavera, conducida por Joan Salicr\u00fa. Procesos y pr\u00e1cticas de la agricultura biodinamica.\" \/>\n<meta name=\"robots\" content=\"index, follow, max-snippet:-1, max-image-preview:large, max-video-preview:-1\" \/>\n<link rel=\"canonical\" href=\"https:\/\/www.viverssalicru.cat\/es\/producto\/banquet-michelin-taller-de-preparats-biodinamics-de-primavera\/\" \/>\n<meta property=\"og:locale\" content=\"es_ES\" \/>\n<meta property=\"og:type\" content=\"article\" \/>\n<meta property=\"og:title\" content=\"Banquete Michelin &amp; Taller de preparados biodin\u00e1micos de primavera - Vivers Salicr\u00fa\" \/>\n<meta property=\"og:description\" content=\"Jornada pr\u00e1ctica dedicada a los preparados biodin\u00e1micos de primavera, conducida por Joan Salicr\u00fa. Procesos y pr\u00e1cticas de la agricultura biodinamica.\" \/>\n<meta property=\"og:url\" content=\"https:\/\/www.viverssalicru.cat\/es\/producto\/banquet-michelin-taller-de-preparats-biodinamics-de-primavera\/\" \/>\n<meta property=\"og:site_name\" content=\"Vivers Salicr\u00fa\" \/>\n<meta property=\"article:modified_time\" content=\"2026-04-07T12:45:49+00:00\" \/>\n<meta property=\"og:image\" content=\"https:\/\/www.viverssalicru.cat\/wp-content\/uploads\/2026\/04\/cartell_radicea_25_abril-02-ES-lowres.jpg\" \/>\n\t<meta property=\"og:image:width\" content=\"1280\" \/>\n\t<meta property=\"og:image:height\" content=\"1600\" \/>\n\t<meta property=\"og:image:type\" content=\"image\/jpeg\" \/>\n<meta name=\"twitter:card\" content=\"summary_large_image\" \/>\n<meta name=\"twitter:label1\" content=\"Precio\" \/>\n\t<meta name=\"twitter:data1\" content=\"70.00&euro;\" \/>\n\t<meta name=\"twitter:label2\" content=\"Disponibilidad\" \/>\n\t<meta name=\"twitter:data2\" content=\"Disponible\" \/>\n<script type=\"application\/ld+json\" class=\"yoast-schema-graph\">{\"@context\":\"https:\/\/schema.org\",\"@graph\":[{\"@type\":\"WebPage\",\"@id\":\"https:\/\/www.viverssalicru.cat\/es\/producto\/banquet-michelin-taller-de-preparats-biodinamics-de-primavera\/\",\"url\":\"https:\/\/www.viverssalicru.cat\/es\/producto\/banquet-michelin-taller-de-preparats-biodinamics-de-primavera\/\",\"name\":\"Banquete Michelin &amp; Taller de preparados biodin\u00e1micos de primavera - Vivers Salicr\u00fa\",\"isPartOf\":{\"@id\":\"https:\/\/www.viverssalicru.cat\/es\/#website\"},\"primaryImageOfPage\":{\"@id\":\"https:\/\/www.viverssalicru.cat\/es\/producto\/banquet-michelin-taller-de-preparats-biodinamics-de-primavera\/#primaryimage\"},\"image\":{\"@id\":\"https:\/\/www.viverssalicru.cat\/es\/producto\/banquet-michelin-taller-de-preparats-biodinamics-de-primavera\/#primaryimage\"},\"thumbnailUrl\":\"https:\/\/www.viverssalicru.cat\/wp-content\/uploads\/2026\/04\/cartell_radicea_25_abril-02-ES-lowres.jpg\",\"datePublished\":\"2026-04-07T12:06:16+00:00\",\"dateModified\":\"2026-04-07T12:45:49+00:00\",\"description\":\"Jornada pr\u00e1ctica dedicada a los preparados biodin\u00e1micos de primavera, conducida por Joan Salicr\u00fa. Procesos y pr\u00e1cticas de la agricultura biodinamica.\",\"breadcrumb\":{\"@id\":\"https:\/\/www.viverssalicru.cat\/es\/producto\/banquet-michelin-taller-de-preparats-biodinamics-de-primavera\/#breadcrumb\"},\"inLanguage\":\"es\",\"potentialAction\":[{\"@type\":\"ReadAction\",\"target\":[\"https:\/\/www.viverssalicru.cat\/es\/producto\/banquet-michelin-taller-de-preparats-biodinamics-de-primavera\/\"]}]},{\"@type\":\"ImageObject\",\"inLanguage\":\"es\",\"@id\":\"https:\/\/www.viverssalicru.cat\/es\/producto\/banquet-michelin-taller-de-preparats-biodinamics-de-primavera\/#primaryimage\",\"url\":\"https:\/\/www.viverssalicru.cat\/wp-content\/uploads\/2026\/04\/cartell_radicea_25_abril-02-ES-lowres.jpg\",\"contentUrl\":\"https:\/\/www.viverssalicru.cat\/wp-content\/uploads\/2026\/04\/cartell_radicea_25_abril-02-ES-lowres.jpg\",\"width\":1280,\"height\":1600,\"caption\":\"Taller Primavera 2026\"},{\"@type\":\"BreadcrumbList\",\"@id\":\"https:\/\/www.viverssalicru.cat\/es\/producto\/banquet-michelin-taller-de-preparats-biodinamics-de-primavera\/#breadcrumb\",\"itemListElement\":[{\"@type\":\"ListItem\",\"position\":1,\"name\":\"Portada\",\"item\":\"https:\/\/www.viverssalicru.cat\/es\/landscaper-home\/\"},{\"@type\":\"ListItem\",\"position\":2,\"name\":\"Tienda\",\"item\":\"https:\/\/www.viverssalicru.cat\/es\/tienda\/\"},{\"@type\":\"ListItem\",\"position\":3,\"name\":\"Banquete Michelin &amp; Taller de preparados biodin\u00e1micos de primavera\"}]},{\"@type\":\"WebSite\",\"@id\":\"https:\/\/www.viverssalicru.cat\/es\/#website\",\"url\":\"https:\/\/www.viverssalicru.cat\/es\/\",\"name\":\"Vivers Salicr\u00fa\",\"description\":\"Hort ecol\u00f2gic i biodin\u00e0mic\",\"publisher\":{\"@id\":\"https:\/\/www.viverssalicru.cat\/es\/#organization\"},\"potentialAction\":[{\"@type\":\"SearchAction\",\"target\":{\"@type\":\"EntryPoint\",\"urlTemplate\":\"https:\/\/www.viverssalicru.cat\/es\/?s={search_term_string}\"},\"query-input\":{\"@type\":\"PropertyValueSpecification\",\"valueRequired\":true,\"valueName\":\"search_term_string\"}}],\"inLanguage\":\"es\"},{\"@type\":\"Organization\",\"@id\":\"https:\/\/www.viverssalicru.cat\/es\/#organization\",\"name\":\"Vivers Salicr\u00fa\",\"url\":\"https:\/\/www.viverssalicru.cat\/es\/\",\"logo\":{\"@type\":\"ImageObject\",\"inLanguage\":\"es\",\"@id\":\"https:\/\/www.viverssalicru.cat\/es\/#\/schema\/logo\/image\/\",\"url\":\"https:\/\/www.viverssalicru.cat\/wp-content\/uploads\/2020\/02\/viverssalicru-logo-400x141-1.png\",\"contentUrl\":\"https:\/\/www.viverssalicru.cat\/wp-content\/uploads\/2020\/02\/viverssalicru-logo-400x141-1.png\",\"width\":400,\"height\":141,\"caption\":\"Vivers Salicr\u00fa\"},\"image\":{\"@id\":\"https:\/\/www.viverssalicru.cat\/es\/#\/schema\/logo\/image\/\"}}]}<\/script>\n<meta property=\"product:price:amount\" content=\"70.00\" \/>\n<meta property=\"product:price:currency\" content=\"EUR\" \/>\n<meta property=\"og:availability\" content=\"instock\" \/>\n<meta property=\"product:availability\" content=\"instock\" \/>\n<meta property=\"product:retailer_item_id\" content=\"taller-primavera-2026\" \/>\n<meta property=\"product:condition\" content=\"new\" \/>\n<!-- \/ Yoast SEO plugin. -->","yoast_head_json":{"title":"Banquete Michelin &amp; Taller de preparados biodin\u00e1micos de primavera - Vivers Salicr\u00fa","description":"Jornada pr\u00e1ctica dedicada a los preparados biodin\u00e1micos de primavera, conducida por Joan Salicr\u00fa. Procesos y pr\u00e1cticas de la agricultura biodinamica.","robots":{"index":"index","follow":"follow","max-snippet":"max-snippet:-1","max-image-preview":"max-image-preview:large","max-video-preview":"max-video-preview:-1"},"canonical":"https:\/\/www.viverssalicru.cat\/es\/producto\/banquet-michelin-taller-de-preparats-biodinamics-de-primavera\/","og_locale":"es_ES","og_type":"article","og_title":"Banquete Michelin &amp; Taller de preparados biodin\u00e1micos de primavera - Vivers Salicr\u00fa","og_description":"Jornada pr\u00e1ctica dedicada a los preparados biodin\u00e1micos de primavera, conducida por Joan Salicr\u00fa. Procesos y pr\u00e1cticas de la agricultura biodinamica.","og_url":"https:\/\/www.viverssalicru.cat\/es\/producto\/banquet-michelin-taller-de-preparats-biodinamics-de-primavera\/","og_site_name":"Vivers Salicr\u00fa","article_modified_time":"2026-04-07T12:45:49+00:00","og_image":[{"width":1280,"height":1600,"url":"https:\/\/www.viverssalicru.cat\/wp-content\/uploads\/2026\/04\/cartell_radicea_25_abril-02-ES-lowres.jpg","type":"image\/jpeg"}],"twitter_card":"summary_large_image","twitter_misc":{"Precio":"70.00&euro;","Disponibilidad":"Disponible"},"schema":{"@context":"https:\/\/schema.org","@graph":[{"@type":"WebPage","@id":"https:\/\/www.viverssalicru.cat\/es\/producto\/banquet-michelin-taller-de-preparats-biodinamics-de-primavera\/","url":"https:\/\/www.viverssalicru.cat\/es\/producto\/banquet-michelin-taller-de-preparats-biodinamics-de-primavera\/","name":"Banquete Michelin &amp; Taller de preparados biodin\u00e1micos de primavera - Vivers Salicr\u00fa","isPartOf":{"@id":"https:\/\/www.viverssalicru.cat\/es\/#website"},"primaryImageOfPage":{"@id":"https:\/\/www.viverssalicru.cat\/es\/producto\/banquet-michelin-taller-de-preparats-biodinamics-de-primavera\/#primaryimage"},"image":{"@id":"https:\/\/www.viverssalicru.cat\/es\/producto\/banquet-michelin-taller-de-preparats-biodinamics-de-primavera\/#primaryimage"},"thumbnailUrl":"https:\/\/www.viverssalicru.cat\/wp-content\/uploads\/2026\/04\/cartell_radicea_25_abril-02-ES-lowres.jpg","datePublished":"2026-04-07T12:06:16+00:00","dateModified":"2026-04-07T12:45:49+00:00","description":"Jornada pr\u00e1ctica dedicada a los preparados biodin\u00e1micos de primavera, conducida por Joan Salicr\u00fa. Procesos y pr\u00e1cticas de la agricultura biodinamica.","breadcrumb":{"@id":"https:\/\/www.viverssalicru.cat\/es\/producto\/banquet-michelin-taller-de-preparats-biodinamics-de-primavera\/#breadcrumb"},"inLanguage":"es","potentialAction":[{"@type":"ReadAction","target":["https:\/\/www.viverssalicru.cat\/es\/producto\/banquet-michelin-taller-de-preparats-biodinamics-de-primavera\/"]}]},{"@type":"ImageObject","inLanguage":"es","@id":"https:\/\/www.viverssalicru.cat\/es\/producto\/banquet-michelin-taller-de-preparats-biodinamics-de-primavera\/#primaryimage","url":"https:\/\/www.viverssalicru.cat\/wp-content\/uploads\/2026\/04\/cartell_radicea_25_abril-02-ES-lowres.jpg","contentUrl":"https:\/\/www.viverssalicru.cat\/wp-content\/uploads\/2026\/04\/cartell_radicea_25_abril-02-ES-lowres.jpg","width":1280,"height":1600,"caption":"Taller Primavera 2026"},{"@type":"BreadcrumbList","@id":"https:\/\/www.viverssalicru.cat\/es\/producto\/banquet-michelin-taller-de-preparats-biodinamics-de-primavera\/#breadcrumb","itemListElement":[{"@type":"ListItem","position":1,"name":"Portada","item":"https:\/\/www.viverssalicru.cat\/es\/landscaper-home\/"},{"@type":"ListItem","position":2,"name":"Tienda","item":"https:\/\/www.viverssalicru.cat\/es\/tienda\/"},{"@type":"ListItem","position":3,"name":"Banquete Michelin &amp; Taller de preparados biodin\u00e1micos de primavera"}]},{"@type":"WebSite","@id":"https:\/\/www.viverssalicru.cat\/es\/#website","url":"https:\/\/www.viverssalicru.cat\/es\/","name":"Vivers Salicr\u00fa","description":"Hort ecol\u00f2gic i biodin\u00e0mic","publisher":{"@id":"https:\/\/www.viverssalicru.cat\/es\/#organization"},"potentialAction":[{"@type":"SearchAction","target":{"@type":"EntryPoint","urlTemplate":"https:\/\/www.viverssalicru.cat\/es\/?s={search_term_string}"},"query-input":{"@type":"PropertyValueSpecification","valueRequired":true,"valueName":"search_term_string"}}],"inLanguage":"es"},{"@type":"Organization","@id":"https:\/\/www.viverssalicru.cat\/es\/#organization","name":"Vivers Salicr\u00fa","url":"https:\/\/www.viverssalicru.cat\/es\/","logo":{"@type":"ImageObject","inLanguage":"es","@id":"https:\/\/www.viverssalicru.cat\/es\/#\/schema\/logo\/image\/","url":"https:\/\/www.viverssalicru.cat\/wp-content\/uploads\/2020\/02\/viverssalicru-logo-400x141-1.png","contentUrl":"https:\/\/www.viverssalicru.cat\/wp-content\/uploads\/2020\/02\/viverssalicru-logo-400x141-1.png","width":400,"height":141,"caption":"Vivers Salicr\u00fa"},"image":{"@id":"https:\/\/www.viverssalicru.cat\/es\/#\/schema\/logo\/image\/"}}]},"product_price_amount":"70.00","product_price_currency":"EUR","og_availability":"instock","product_availability":"instock","product_retailer_item_id":"taller-primavera-2026","product_condition":"new"},"_links":{"self":[{"href":"https:\/\/www.viverssalicru.cat\/es\/wp-json\/wp\/v2\/product\/2813","targetHints":{"allow":["GET"]}}],"collection":[{"href":"https:\/\/www.viverssalicru.cat\/es\/wp-json\/wp\/v2\/product"}],"about":[{"href":"https:\/\/www.viverssalicru.cat\/es\/wp-json\/wp\/v2\/types\/product"}],"wp:featuredmedia":[{"embeddable":true,"href":"https:\/\/www.viverssalicru.cat\/es\/wp-json\/wp\/v2\/media\/2807"}],"wp:attachment":[{"href":"https:\/\/www.viverssalicru.cat\/es\/wp-json\/wp\/v2\/media?parent=2813"}],"wp:term":[{"taxonomy":"product_brand","embeddable":true,"href":"https:\/\/www.viverssalicru.cat\/es\/wp-json\/wp\/v2\/product_brand?post=2813"},{"taxonomy":"product_cat","embeddable":true,"href":"https:\/\/www.viverssalicru.cat\/es\/wp-json\/wp\/v2\/product_cat?post=2813"},{"taxonomy":"product_tag","embeddable":true,"href":"https:\/\/www.viverssalicru.cat\/es\/wp-json\/wp\/v2\/product_tag?post=2813"}],"curies":[{"name":"wp","href":"https:\/\/api.w.org\/{rel}","templated":true}]}}